{"id":495,"date":"2026-04-16T08:33:52","date_gmt":"2026-04-16T08:33:52","guid":{"rendered":"https:\/\/demopss.pl\/?page_id=495"},"modified":"2026-04-16T11:03:27","modified_gmt":"2026-04-16T11:03:27","slug":"strona-glowna","status":"publish","type":"page","link":"https:\/\/demopss.pl\/","title":{"rendered":"Strona G\u0142\u00f3wna"},"content":{"rendered":"\t\t<div data-elementor-type=\"wp-page\" data-elementor-id=\"495\" class=\"elementor elementor-495\" data-elementor-post-type=\"page\">\n\t\t\t\t<div class=\"elementor-element elementor-element-10f5baa3 e-flex e-con-boxed elementor-invisible e-con e-parent\" data-id=\"10f5baa3\" data-element_type=\"container\" data-e-type=\"container\" data-settings=\"{&quot;background_background&quot;:&quot;classic&quot;,&quot;background_motion_fx_motion_fx_scrolling&quot;:&quot;yes&quot;,&quot;background_motion_fx_translateY_effect&quot;:&quot;yes&quot;,&quot;animation&quot;:&quot;fadeIn&quot;,&quot;background_motion_fx_translateY_speed&quot;:{&quot;unit&quot;:&quot;px&quot;,&quot;size&quot;:4,&quot;sizes&quot;:[]},&quot;background_motion_fx_translateY_affectedRange&quot;:{&quot;unit&quot;:&quot;%&quot;,&quot;size&quot;:&quot;&quot;,&quot;sizes&quot;:{&quot;start&quot;:0,&quot;end&quot;:100}},&quot;background_motion_fx_devices&quot;:[&quot;desktop&quot;,&quot;tablet&quot;,&quot;mobile&quot;]}\">\n\t\t\t\t\t<div class=\"e-con-inner\">\n\t\t\t\t<div class=\"elementor-element elementor-element-75adee6b elementor-widget elementor-widget-heading\" data-id=\"75adee6b\" data-element_type=\"widget\" data-e-type=\"widget\" data-widget_type=\"heading.default\">\n\t\t\t\t\t<h5 class=\"elementor-heading-title elementor-size-default\">PSS - Powszechna Sp\u00f3\u0142dzielnia Spo\u017cywc\u00f3w<\/h5>\t\t\t\t<\/div>\n\t\t\t\t<div class=\"elementor-element elementor-element-6761c85 elementor-widget elementor-widget-heading\" data-id=\"6761c85\" data-element_type=\"widget\" data-e-type=\"widget\" data-widget_type=\"heading.default\">\n\t\t\t\t\t<h1 class=\"elementor-heading-title elementor-size-default\">Tradycja i nowoczesno\u015b\u0107<\/h1>\t\t\t\t<\/div>\n\t\t\t\t<div class=\"elementor-element elementor-element-1ec96dc6 elementor-widget elementor-widget-heading\" data-id=\"1ec96dc6\" data-element_type=\"widget\" data-e-type=\"widget\" data-widget_type=\"heading.default\">\n\t\t\t\t\t<h5 class=\"elementor-heading-title elementor-size-default\">\u201eSpo\u0142em\u201d PSS w prowadzi 12 sklep\u00f3w detalicznych, w tym nowoczesny sklep \u201eTop\u201d, oferuj\u0105c ponad 10 000 produkt\u00f3w wysokiej jako\u015bci od sprawdzonych polskich producent\u00f3w.<\/h5>\t\t\t\t<\/div>\n\t\t\t\t<div class=\"elementor-element elementor-element-428c8e73 elementor-widget__width-auto elementor-align-right elementor-widget elementor-widget-button\" data-id=\"428c8e73\" data-element_type=\"widget\" data-e-type=\"widget\" data-widget_type=\"button.default\">\n\t\t\t\t\t\t\t\t\t\t<a class=\"elementor-button elementor-button-link elementor-size-sm\" href=\"#\">\n\t\t\t\t\t\t<span class=\"elementor-button-content-wrapper\">\n\t\t\t\t\t\t\t\t\t<span class=\"elementor-button-text\">Zapraszamy!<\/span>\n\t\t\t\t\t<\/span>\n\t\t\t\t\t<\/a>\n\t\t\t\t\t\t\t\t<\/div>\n\t\t\t\t\t<\/div>\n\t\t\t\t<\/div>\n\t\t<div class=\"elementor-element elementor-element-ab5b2bc e-flex e-con-boxed e-con e-parent\" data-id=\"ab5b2bc\" data-element_type=\"container\" data-e-type=\"container\" data-settings=\"{&quot;background_background&quot;:&quot;classic&quot;}\">\n\t\t\t\t\t<div class=\"e-con-inner\">\n\t\t\t\t<div class=\"elementor-element elementor-element-6f7c9c3e elementor-widget elementor-widget-heading\" data-id=\"6f7c9c3e\" data-element_type=\"widget\" data-e-type=\"widget\" data-widget_type=\"heading.default\">\n\t\t\t\t\t<h2 class=\"elementor-heading-title elementor-size-default\">NASZE PROMOCJE<\/h2>\t\t\t\t<\/div>\n\t\t\t\t<div class=\"elementor-element elementor-element-267570c8 elementor-widget elementor-widget-heading\" data-id=\"267570c8\" data-element_type=\"widget\" data-e-type=\"widget\" data-widget_type=\"heading.default\">\n\t\t\t\t\t<h2 class=\"elementor-heading-title elementor-size-default\">WA\u017bNE DO 10.04.2026<\/h2>\t\t\t\t<\/div>\n\t\t\t\t\t<\/div>\n\t\t\t\t<\/div>\n\t\t<div class=\"elementor-element elementor-element-4bd5f7b3 e-flex e-con-boxed elementor-invisible e-con e-parent\" data-id=\"4bd5f7b3\" data-element_type=\"container\" data-e-type=\"container\" data-settings=\"{&quot;background_background&quot;:&quot;classic&quot;,&quot;animation&quot;:&quot;fadeInUp&quot;}\">\n\t\t\t\t\t<div class=\"e-con-inner\">\n\t\t\t\t<div class=\"elementor-element elementor-element-6ff0c782 elementor-widget elementor-widget-promo_price_widget_277\" data-id=\"6ff0c782\" data-element_type=\"widget\" data-e-type=\"widget\" data-widget_type=\"promo_price_widget_277.default\">\n\t\t\t\t<div class=\"elementor-widget-container\">\n\t\t\t\t\t\t\t<div class=\"promo-widget-container-277\">\r\n\t\t\t<div class=\"promo-image-wrapper-277\">\r\n\t\t\t\t<img fetchpriority=\"high\" decoding=\"async\" width=\"712\" height=\"712\" src=\"https:\/\/demopss.pl\/wp-content\/uploads\/2026\/04\/cukier-bialy.webp\" class=\"attachment-full size-full wp-image-497\" alt=\"\" srcset=\"https:\/\/demopss.pl\/wp-content\/uploads\/2026\/04\/cukier-bialy.webp 712w, https:\/\/demopss.pl\/wp-content\/uploads\/2026\/04\/cukier-bialy-300x300.webp 300w, https:\/\/demopss.pl\/wp-content\/uploads\/2026\/04\/cukier-bialy-150x150.webp 150w\" sizes=\"(max-width: 712px) 100vw, 712px\" \/>\t\t\t<\/div>\r\n\t\t\t<div class=\"promo-content-wrapper-277\">\r\n\t\t\t\t<div class=\"promo-name-277\">PROMOCJA<\/div>\r\n\t\t\t\t<div class=\"pricing-wrapper-277\">\r\n\t\t\t\t\t<div class=\"regular-price-277\">3,99 z\u0142<\/div>\r\n\t\t\t\t\t<div class=\"promo-price-277\">2,99 z\u0142<\/div>\r\n\t\t\t\t<\/div>\r\n\t\t\t\t<h3 class=\"product-name-277\">Cukier Bia\u0142y, 1 kg<\/h3>\r\n\t\t\t\t<p class=\"description-277\">Najni\u017csza cena z 30 dni przed obni\u017ck\u0105, 3,99 z\u0142.<\/p>\r\n\t\t\t<\/div>\r\n\t\t<\/div>\r\n\t\t\t\t\t\t<\/div>\n\t\t\t\t<\/div>\n\t\t\t\t<div class=\"elementor-element elementor-element-304e1e15 elementor-widget elementor-widget-promo_price_widget_277\" data-id=\"304e1e15\" data-element_type=\"widget\" data-e-type=\"widget\" data-widget_type=\"promo_price_widget_277.default\">\n\t\t\t\t<div class=\"elementor-widget-container\">\n\t\t\t\t\t\t\t<div class=\"promo-widget-container-277\">\r\n\t\t\t<div class=\"promo-image-wrapper-277\">\r\n\t\t\t\t<img decoding=\"async\" width=\"554\" height=\"554\" src=\"https:\/\/demopss.pl\/wp-content\/uploads\/2026\/04\/pomidory.webp\" class=\"attachment-full size-full wp-image-498\" alt=\"\" srcset=\"https:\/\/demopss.pl\/wp-content\/uploads\/2026\/04\/pomidory.webp 554w, https:\/\/demopss.pl\/wp-content\/uploads\/2026\/04\/pomidory-300x300.webp 300w, https:\/\/demopss.pl\/wp-content\/uploads\/2026\/04\/pomidory-150x150.webp 150w\" sizes=\"(max-width: 554px) 100vw, 554px\" \/>\t\t\t<\/div>\r\n\t\t\t<div class=\"promo-content-wrapper-277\">\r\n\t\t\t\t<div class=\"promo-name-277\">PROMOCJA<\/div>\r\n\t\t\t\t<div class=\"pricing-wrapper-277\">\r\n\t\t\t\t\t<div class=\"regular-price-277\">3,99 z\u0142<\/div>\r\n\t\t\t\t\t<div class=\"promo-price-277\">2,99 z\u0142<\/div>\r\n\t\t\t\t<\/div>\r\n\t\t\t\t<h3 class=\"product-name-277\">Pomidory Polskie, 1 kg<\/h3>\r\n\t\t\t\t<p class=\"description-277\">Najni\u017csza cena z 30 dni przed obni\u017ck\u0105, 3,99 z\u0142.<\/p>\r\n\t\t\t<\/div>\r\n\t\t<\/div>\r\n\t\t\t\t\t\t<\/div>\n\t\t\t\t<\/div>\n\t\t\t\t\t<\/div>\n\t\t\t\t<\/div>\n\t\t<div class=\"elementor-element elementor-element-73d45b7a e-flex e-con-boxed e-con e-parent\" data-id=\"73d45b7a\" data-element_type=\"container\" data-e-type=\"container\">\n\t\t\t\t\t<div class=\"e-con-inner\">\n\t\t\t\t<div class=\"elementor-element elementor-element-653aced9 elementor-widget elementor-widget-home_page_section_v3_250\" data-id=\"653aced9\" data-element_type=\"widget\" data-e-type=\"widget\" data-widget_type=\"home_page_section_v3_250.default\">\n\t\t\t\t<div class=\"elementor-widget-container\">\n\t\t\t\t\t\t\t<div class=\"hps-250-container\">\r\n\t\t\t<div class=\"hps-250-row\">\r\n\t\t\t\t<div class=\"hps-250-col hps-250-images hps-250-images-left\">\r\n\t\t\t\t\t<div class=\"hps-250-img-wrapper hps-250-img-large\" data-scroll-speed=\"0.1\">\r\n\t\t\t\t\t\t<img decoding=\"async\" src=\"https:\/\/demopss.pl\/wp-content\/uploads\/2026\/04\/pieczywo-bulki-chleby-pss-busko.webp\" alt=\"\">\r\n\t\t\t\t\t<\/div>\r\n\t\t\t\t\t\t\t\t\t\t<div class=\"hps-250-img-wrapper hps-250-img-small\" data-scroll-speed=\"0.3\">\r\n\t\t\t\t\t\t<img decoding=\"async\" src=\"https:\/\/demopss.pl\/wp-content\/uploads\/2026\/04\/pss-busko-spolem-warzywa-owoce.webp\" alt=\"\">\r\n\t\t\t\t\t<\/div>\r\n\t\t\t\t\t\t\t\t\t<\/div>\r\n\t\t\t\t<div class=\"hps-250-col hps-250-content\">\r\n\t\t\t\t\t<h2 class=\"hps-250-heading\">Nowoczesne sklepy Spo\u0142em<\/h2>\r\n\t\t\t\t\t<div class=\"hps-250-text\"><p>\u201eSpo\u0142em\u201d PSS prowadzi 12 sklep\u00f3w detalicznych o zr\u00f3\u017cnicowanym profilu \u2013 od spo\u017cywczych po przemys\u0142owe. Klienci mog\u0105 liczy\u0107 na szeroki wyb\u00f3r produkt\u00f3w oraz profesjonaln\u0105, mi\u0142\u0105 obs\u0142ug\u0119. Dzia\u0142alno\u015b\u0107 firmy jest w pe\u0142ni zgodna z obowi\u0105zuj\u0105cymi przepisami prawa unijnego.<\/p><\/div>\r\n\t\t\t\t<\/div>\r\n\t\t\t<\/div>\r\n\t\t<\/div>\r\n\t\t\t\t\t\t<\/div>\n\t\t\t\t<\/div>\n\t\t\t\t<div class=\"elementor-element elementor-element-30117d78 elementor-widget elementor-widget-home_page_section_v3_250\" data-id=\"30117d78\" data-element_type=\"widget\" data-e-type=\"widget\" data-widget_type=\"home_page_section_v3_250.default\">\n\t\t\t\t<div class=\"elementor-widget-container\">\n\t\t\t\t\t\t\t<div class=\"hps-250-container\">\r\n\t\t\t<div class=\"hps-250-row hps-250-row-reverse\">\r\n\t\t\t\t<div class=\"hps-250-col hps-250-images hps-250-images-right hps-250-single-image\">\r\n\t\t\t\t\t<div class=\"hps-250-img-wrapper hps-250-img-large\" data-scroll-speed=\"0.1\">\r\n\t\t\t\t\t\t<img decoding=\"async\" src=\"https:\/\/demopss.pl\/wp-content\/uploads\/2026\/04\/kasa-produkty-pss-busko-spolem.webp\" alt=\"\">\r\n\t\t\t\t\t<\/div>\r\n\t\t\t\t\t\t\t\t\t<\/div>\r\n\t\t\t\t<div class=\"hps-250-col hps-250-content\">\r\n\t\t\t\t\t<h2 class=\"hps-250-heading\">Jako\u015b\u0107 i szeroki wyb\u00f3r<\/h2>\r\n\t\t\t\t\t<div class=\"hps-250-text\"><p>Jednym z najwi\u0119kszych obiekt\u00f3w jest sklep \u201eLux\u201d, kt\u00f3ry po remoncie zyska\u0142 nowoczesny wygl\u0105d dzi\u0119ki zastosowaniu szk\u0142a i aluminium. W ofercie znajduje si\u0119 ponad 10 000 produkt\u00f3w od sprawdzonych, polskich producent\u00f3w. To gwarancja wysokiej jako\u015bci i doskona\u0142ego smaku ka\u017cdego dnia.<\/p><\/div>\r\n\t\t\t\t<\/div>\r\n\t\t\t<\/div>\r\n\t\t<\/div>\r\n\t\t\t\t\t\t<\/div>\n\t\t\t\t<\/div>\n\t\t\t\t\t<\/div>\n\t\t\t\t<\/div>\n\t\t\t\t<\/div>\n\t\t","protected":false},"excerpt":{"rendered":"<p>PSS &#8211; Powszechna Sp\u00f3\u0142dzielnia Spo\u017cywc\u00f3w Tradycja i nowoczesno\u015b\u0107 \u201eSpo\u0142em\u201d PSS w prowadzi 12 sklep\u00f3w detalicznych, w tym nowoczesny sklep \u201eTop\u201d, oferuj\u0105c ponad 10 000 produkt\u00f3w wysokiej jako\u015bci od sprawdzonych polskich producent\u00f3w. Zapraszamy! NASZE PROMOCJE WA\u017bNE DO 10.04.2026 PROMOCJA 3,99 z\u0142 2,99 z\u0142 Cukier Bia\u0142y, 1 kg Najni\u017csza cena z 30 dni przed obni\u017ck\u0105, 3,99 z\u0142. [&hellip;]<\/p>\n","protected":false},"author":1,"featured_media":0,"parent":0,"menu_order":0,"comment_status":"closed","ping_status":"closed","template":"","meta":{"_angie_page":false,"footnotes":""},"class_list":["post-495","page","type-page","status-publish","hentry"],"_links":{"self":[{"href":"https:\/\/demopss.pl\/index.php?rest_route=\/wp\/v2\/pages\/495","targetHints":{"allow":["GET"]}}],"collection":[{"href":"https:\/\/demopss.pl\/index.php?rest_route=\/wp\/v2\/pages"}],"about":[{"href":"https:\/\/demopss.pl\/index.php?rest_route=\/wp\/v2\/types\/page"}],"author":[{"embeddable":true,"href":"https:\/\/demopss.pl\/index.php?rest_route=\/wp\/v2\/users\/1"}],"replies":[{"embeddable":true,"href":"https:\/\/demopss.pl\/index.php?rest_route=%2Fwp%2Fv2%2Fcomments&post=495"}],"version-history":[{"count":7,"href":"https:\/\/demopss.pl\/index.php?rest_route=\/wp\/v2\/pages\/495\/revisions"}],"predecessor-version":[{"id":648,"href":"https:\/\/demopss.pl\/index.php?rest_route=\/wp\/v2\/pages\/495\/revisions\/648"}],"wp:attachment":[{"href":"https:\/\/demopss.pl\/index.php?rest_route=%2Fwp%2Fv2%2Fmedia&parent=495"}],"curies":[{"name":"wp","href":"https:\/\/api.w.org\/{rel}","templated":true}]}}