{"id":489,"date":"2026-04-16T08:33:52","date_gmt":"2026-04-16T08:33:52","guid":{"rendered":"https:\/\/demopss.pl\/?page_id=489"},"modified":"2026-04-16T11:01:15","modified_gmt":"2026-04-16T11:01:15","slug":"zarzad","status":"publish","type":"page","link":"https:\/\/demopss.pl\/?page_id=489","title":{"rendered":"Zarz\u0105d"},"content":{"rendered":"\t\t<div data-elementor-type=\"wp-page\" data-elementor-id=\"489\" class=\"elementor elementor-489\" data-elementor-post-type=\"page\">\n\t\t\t\t<div class=\"elementor-element elementor-element-3c60f749 e-flex e-con-boxed elementor-invisible e-con e-parent\" data-id=\"3c60f749\" data-element_type=\"container\" data-e-type=\"container\" data-settings=\"{&quot;background_background&quot;:&quot;classic&quot;,&quot;background_motion_fx_motion_fx_scrolling&quot;:&quot;yes&quot;,&quot;background_motion_fx_translateY_effect&quot;:&quot;yes&quot;,&quot;animation&quot;:&quot;fadeIn&quot;,&quot;background_motion_fx_translateY_speed&quot;:{&quot;unit&quot;:&quot;px&quot;,&quot;size&quot;:4,&quot;sizes&quot;:[]},&quot;background_motion_fx_translateY_affectedRange&quot;:{&quot;unit&quot;:&quot;%&quot;,&quot;size&quot;:&quot;&quot;,&quot;sizes&quot;:{&quot;start&quot;:0,&quot;end&quot;:100}},&quot;background_motion_fx_devices&quot;:[&quot;desktop&quot;,&quot;tablet&quot;,&quot;mobile&quot;]}\">\n\t\t\t\t\t<div class=\"e-con-inner\">\n\t\t\t\t<div class=\"elementor-element elementor-element-2f1c37ed elementor-widget elementor-widget-heading\" data-id=\"2f1c37ed\" data-element_type=\"widget\" data-e-type=\"widget\" data-widget_type=\"heading.default\">\n\t\t\t\t\t<h5 class=\"elementor-heading-title elementor-size-default\">PSS - Powszechna Sp\u00f3\u0142dzielnia Spo\u017cywc\u00f3w<\/h5>\t\t\t\t<\/div>\n\t\t\t\t<div class=\"elementor-element elementor-element-45a54d41 elementor-widget elementor-widget-heading\" data-id=\"45a54d41\" data-element_type=\"widget\" data-e-type=\"widget\" data-widget_type=\"heading.default\">\n\t\t\t\t\t<h1 class=\"elementor-heading-title elementor-size-default\">Zarz\u0105d PSS<\/h1>\t\t\t\t<\/div>\n\t\t\t\t<div class=\"elementor-element elementor-element-1bd64f7a elementor-widget elementor-widget-heading\" data-id=\"1bd64f7a\" data-element_type=\"widget\" data-e-type=\"widget\" data-widget_type=\"heading.default\">\n\t\t\t\t\t<h5 class=\"elementor-heading-title elementor-size-default\">Zarz\u0105d \u201eSpo\u0142em\u201d PSS tworz\u0105 Prezes, Zast\u0119pca Prezesa oraz Cz\u0142onek Zarz\u0105du.<\/h5>\t\t\t\t<\/div>\n\t\t\t\t\t<\/div>\n\t\t\t\t<\/div>\n\t\t<div class=\"elementor-element elementor-element-30ebf111 e-flex e-con-boxed e-con e-parent\" data-id=\"30ebf111\" data-element_type=\"container\" data-e-type=\"container\">\n\t\t\t\t\t<div class=\"e-con-inner\">\n\t\t\t\t<div class=\"elementor-element elementor-element-4d0113f5 elementor-widget elementor-widget-home_page_section_v3_250\" data-id=\"4d0113f5\" data-element_type=\"widget\" data-e-type=\"widget\" data-widget_type=\"home_page_section_v3_250.default\">\n\t\t\t\t<div class=\"elementor-widget-container\">\n\t\t\t\t\t\t\t<div class=\"hps-250-container\">\r\n\t\t\t<div class=\"hps-250-row hps-250-row-reverse\">\r\n\t\t\t\t<div class=\"hps-250-col hps-250-images hps-250-images-right hps-250-single-image\">\r\n\t\t\t\t\t<div class=\"hps-250-img-wrapper hps-250-img-large\" data-scroll-speed=\"0.1\">\r\n\t\t\t\t\t\t<img decoding=\"async\" src=\"https:\/\/demopss.pl\/wp-content\/uploads\/2026\/04\/sklep-logo-pss-logo-wizualizacja.webp\" alt=\"\">\r\n\t\t\t\t\t<\/div>\r\n\t\t\t\t\t\t\t\t\t<\/div>\r\n\t\t\t\t<div class=\"hps-250-col hps-250-content\">\r\n\t\t\t\t\t<h2 class=\"hps-250-heading\">Zarz\u0105d PSS<\/h2>\r\n\t\t\t\t\t<div class=\"hps-250-text\"><p><strong>Zarz\u0105d \u201eSpo\u0142em\u201d PSS tworz\u0105 Prezes, Zast\u0119pca Prezesa oraz Cz\u0142onek Zarz\u0105du, kt\u00f3rzy wsp\u00f3lnie odpowiadaj\u0105 za kierowanie dzia\u0142alno\u015bci\u0105 Sp\u00f3\u0142dzielni oraz realizacj\u0119 jej strategii rozwoju.<\/strong><\/p><p>Do ich zada\u0144 nale\u017cy nadz\u00f3r nad funkcjonowaniem sieci sklep\u00f3w, zarz\u0105dzanie dzia\u0142alno\u015bci\u0105 handlow\u0105 i produkcyjn\u0105 oraz dbanie o wysok\u0105 jako\u015b\u0107 oferowanych produkt\u00f3w i us\u0142ug. Zarz\u0105d podejmuje kluczowe decyzje dotycz\u0105ce inwestycji, modernizacji plac\u00f3wek oraz wdra\u017cania nowoczesnych rozwi\u0105za\u0144, jednocze\u015bnie kontynuuj\u0105c wieloletni\u0105 tradycj\u0119 Spo\u0142em opart\u0105 na rzetelno\u015bci, lokalno\u015bci i zaufaniu klient\u00f3w.<\/p><\/div>\r\n\t\t\t\t<\/div>\r\n\t\t\t<\/div>\r\n\t\t<\/div>\r\n\t\t\t\t\t\t<\/div>\n\t\t\t\t<\/div>\n\t\t\t\t\t<\/div>\n\t\t\t\t<\/div>\n\t\t\t\t<\/div>\n\t\t","protected":false},"excerpt":{"rendered":"<p>PSS &#8211; Powszechna Sp\u00f3\u0142dzielnia Spo\u017cywc\u00f3w Zarz\u0105d PSS Zarz\u0105d \u201eSpo\u0142em\u201d PSS tworz\u0105 Prezes, Zast\u0119pca Prezesa oraz Cz\u0142onek Zarz\u0105du. Zarz\u0105d PSS Zarz\u0105d \u201eSpo\u0142em\u201d PSS tworz\u0105 Prezes, Zast\u0119pca Prezesa oraz Cz\u0142onek Zarz\u0105du, kt\u00f3rzy wsp\u00f3lnie odpowiadaj\u0105 za kierowanie dzia\u0142alno\u015bci\u0105 Sp\u00f3\u0142dzielni oraz realizacj\u0119 jej strategii rozwoju. Do ich zada\u0144 nale\u017cy nadz\u00f3r nad funkcjonowaniem sieci sklep\u00f3w, zarz\u0105dzanie dzia\u0142alno\u015bci\u0105 handlow\u0105 i produkcyjn\u0105 [&hellip;]<\/p>\n","protected":false},"author":1,"featured_media":0,"parent":0,"menu_order":0,"comment_status":"closed","ping_status":"closed","template":"","meta":{"_angie_page":false,"footnotes":""},"class_list":["post-489","page","type-page","status-publish","hentry"],"_links":{"self":[{"href":"https:\/\/demopss.pl\/index.php?rest_route=\/wp\/v2\/pages\/489","targetHints":{"allow":["GET"]}}],"collection":[{"href":"https:\/\/demopss.pl\/index.php?rest_route=\/wp\/v2\/pages"}],"about":[{"href":"https:\/\/demopss.pl\/index.php?rest_route=\/wp\/v2\/types\/page"}],"author":[{"embeddable":true,"href":"https:\/\/demopss.pl\/index.php?rest_route=\/wp\/v2\/users\/1"}],"replies":[{"embeddable":true,"href":"https:\/\/demopss.pl\/index.php?rest_route=%2Fwp%2Fv2%2Fcomments&post=489"}],"version-history":[{"count":13,"href":"https:\/\/demopss.pl\/index.php?rest_route=\/wp\/v2\/pages\/489\/revisions"}],"predecessor-version":[{"id":642,"href":"https:\/\/demopss.pl\/index.php?rest_route=\/wp\/v2\/pages\/489\/revisions\/642"}],"wp:attachment":[{"href":"https:\/\/demopss.pl\/index.php?rest_route=%2Fwp%2Fv2%2Fmedia&parent=489"}],"curies":[{"name":"wp","href":"https:\/\/api.w.org\/{rel}","templated":true}]}}