{"id":486,"date":"2026-04-16T08:33:52","date_gmt":"2026-04-16T08:33:52","guid":{"rendered":"https:\/\/demopss.pl\/?page_id=486"},"modified":"2026-04-16T10:56:40","modified_gmt":"2026-04-16T10:56:40","slug":"historia-spoldzielni","status":"publish","type":"page","link":"https:\/\/demopss.pl\/?page_id=486","title":{"rendered":"Historia Sp\u00f3\u0142dzielni"},"content":{"rendered":"\t\t<div data-elementor-type=\"wp-page\" data-elementor-id=\"486\" class=\"elementor elementor-486\" data-elementor-post-type=\"page\">\n\t\t\t\t<div class=\"elementor-element elementor-element-4739f897 e-flex e-con-boxed elementor-invisible e-con e-parent\" data-id=\"4739f897\" data-element_type=\"container\" data-e-type=\"container\" data-settings=\"{&quot;background_background&quot;:&quot;classic&quot;,&quot;background_motion_fx_motion_fx_scrolling&quot;:&quot;yes&quot;,&quot;background_motion_fx_translateY_effect&quot;:&quot;yes&quot;,&quot;animation&quot;:&quot;fadeIn&quot;,&quot;background_motion_fx_translateY_speed&quot;:{&quot;unit&quot;:&quot;px&quot;,&quot;size&quot;:4,&quot;sizes&quot;:[]},&quot;background_motion_fx_translateY_affectedRange&quot;:{&quot;unit&quot;:&quot;%&quot;,&quot;size&quot;:&quot;&quot;,&quot;sizes&quot;:{&quot;start&quot;:0,&quot;end&quot;:100}},&quot;background_motion_fx_devices&quot;:[&quot;desktop&quot;,&quot;tablet&quot;,&quot;mobile&quot;]}\">\n\t\t\t\t\t<div class=\"e-con-inner\">\n\t\t\t\t<div class=\"elementor-element elementor-element-6f190725 elementor-widget elementor-widget-heading\" data-id=\"6f190725\" data-element_type=\"widget\" data-e-type=\"widget\" data-widget_type=\"heading.default\">\n\t\t\t\t\t<h5 class=\"elementor-heading-title elementor-size-default\">PSS - Powszechna Sp\u00f3\u0142dzielnia Spo\u017cywc\u00f3w<\/h5>\t\t\t\t<\/div>\n\t\t\t\t<div class=\"elementor-element elementor-element-4c7b1588 elementor-widget elementor-widget-heading\" data-id=\"4c7b1588\" data-element_type=\"widget\" data-e-type=\"widget\" data-widget_type=\"heading.default\">\n\t\t\t\t\t<h1 class=\"elementor-heading-title elementor-size-default\">Historia Sp\u00f3\u0142dzielni<\/h1>\t\t\t\t<\/div>\n\t\t\t\t<div class=\"elementor-element elementor-element-137d9179 elementor-widget elementor-widget-heading\" data-id=\"137d9179\" data-element_type=\"widget\" data-e-type=\"widget\" data-widget_type=\"heading.default\">\n\t\t\t\t\t<h5 class=\"elementor-heading-title elementor-size-default\">\u201eSpo\u0142em\u201d PSS dzia\u0142a nieprzerwanie od 1945 roku, rozwijaj\u0105c si\u0119 od niewielkiej sp\u00f3\u0142dzielni do nowoczesnej firmy handlowo-produkcyjnej.\nDzi\u0119ki wieloletniej tradycji, wysokiej jako\u015bci produktom i sta\u0142ej modernizacji, pozostaje jedn\u0105 z kluczowych firm w regionie.<\/h5>\t\t\t\t<\/div>\n\t\t\t\t\t<\/div>\n\t\t\t\t<\/div>\n\t\t<div class=\"elementor-element elementor-element-42ffe1d7 e-flex e-con-boxed e-con e-parent\" data-id=\"42ffe1d7\" data-element_type=\"container\" data-e-type=\"container\">\n\t\t\t\t\t<div class=\"e-con-inner\">\n\t\t\t\t<div class=\"elementor-element elementor-element-1292cb2d elementor-widget elementor-widget-home_page_section_v3_250\" data-id=\"1292cb2d\" data-element_type=\"widget\" data-e-type=\"widget\" data-widget_type=\"home_page_section_v3_250.default\">\n\t\t\t\t<div class=\"elementor-widget-container\">\n\t\t\t\t\t\t\t<div class=\"hps-250-container\">\r\n\t\t\t<div class=\"hps-250-row hps-250-row-reverse\">\r\n\t\t\t\t<div class=\"hps-250-col hps-250-images hps-250-images-right hps-250-single-image\">\r\n\t\t\t\t\t<div class=\"hps-250-img-wrapper hps-250-img-large\" data-scroll-speed=\"0.1\">\r\n\t\t\t\t\t\t<img decoding=\"async\" src=\"https:\/\/demopss.pl\/wp-content\/uploads\/2026\/04\/sklep-logo-pss-logo-wizualizacja.webp\" alt=\"\">\r\n\t\t\t\t\t<\/div>\r\n\t\t\t\t\t\t\t\t\t<\/div>\r\n\t\t\t\t<div class=\"hps-250-col hps-250-content\">\r\n\t\t\t\t\t<h2 class=\"hps-250-heading\">Historia sp\u00f3\u0142dzielni<\/h2>\r\n\t\t\t\t\t<div class=\"hps-250-text\"><p><strong>\u201eSpo\u0142em\u201d Powszechna Sp\u00f3\u0142dzielnia Spo\u017cywc\u00f3w prowadzi dzia\u0142alno\u015b\u0107 od 1945r.<\/strong><\/p><p>Uchwalono w\u00f3wczas Statut Sp\u00f3\u0142dzielni, okre\u015blaj\u0105cy jej charakter, wybrano Rad\u0119 Nadzorcz\u0105 i Zarz\u0105d.<\/p><\/div>\r\n\t\t\t\t<\/div>\r\n\t\t\t<\/div>\r\n\t\t<\/div>\r\n\t\t\t\t\t\t<\/div>\n\t\t\t\t<\/div>\n\t\t\t\t\t<\/div>\n\t\t\t\t<\/div>\n\t\t<div class=\"elementor-element elementor-element-b22aad9 e-flex e-con-boxed e-con e-parent\" data-id=\"b22aad9\" data-element_type=\"container\" data-e-type=\"container\">\n\t\t\t\t\t<div class=\"e-con-inner\">\n\t\t\t\t<div class=\"elementor-element elementor-element-76326a66 elementor-widget elementor-widget-text-editor\" data-id=\"76326a66\" data-element_type=\"widget\" data-e-type=\"widget\" data-widget_type=\"text-editor.default\">\n\t\t\t\t\t\t\t\t\t<p data-start=\"88\" data-end=\"668\"><strong data-start=\"88\" data-end=\"118\">Prezesi na przestrzeni lat<\/strong><br data-start=\"118\" data-end=\"121\" \/>W 1948 r. Prezesem Zarz\u0105du zosta\u0142 Pan Andrzej Kowalski. Od 1958 roku funkcj\u0119 t\u0119 pe\u0142ni\u0142 Pan Jan Nowak, a w 1971 roku nast\u0105pi\u0142a zmiana i stanowisko obj\u0119\u0142a Pani Maria Zieli\u0144ska. W latach 1992\/1993 Prezesem Zarz\u0105du by\u0142a Pani Anna Wi\u015bniewska. Od 5 lipca 1993 roku do 15 listopada 2012 r. Prezesem Zarz\u0105du Sp\u00f3\u0142dzielni by\u0142 Pan Piotr Lewandowski. Nast\u0119pnie, z dniem 22 listopada 2012 r., powo\u0142any zosta\u0142 Pan Tomasz Kami\u0144ski, kt\u00f3ry pe\u0142ni\u0142 t\u0119 funkcj\u0119 do 30 maja 2020 r. Obecnie, od 10 czerwca 2020 r., Prezesem Zarz\u0105du Sp\u00f3\u0142dzielni jest Pan Micha\u0142 D\u0105browski.<\/p><p data-start=\"670\" data-end=\"1026\"><strong data-start=\"670\" data-end=\"708\">Pocz\u0105tki dzia\u0142alno\u015bci i po\u0142\u0105czenia<\/strong><br data-start=\"708\" data-end=\"711\" \/>Sp\u00f3\u0142dzielnia rozpocz\u0119\u0142a dzia\u0142alno\u015b\u0107 gospodarcz\u0105 na terenie miasta uzdrowiskowego w dw\u00f3ch sklepach: spo\u017cywczym i tekstylnym. W 1950 roku dosz\u0142o do po\u0142\u0105czenia trzech sp\u00f3\u0142dzielni: Sp\u00f3\u0142dzielni Spo\u017cywc\u00f3w \u201eJedno\u015b\u0107\u201d, Sp\u00f3\u0142dzielni \u201eWzg\u00f3rze\u201d oraz Sp\u00f3\u0142dzielni Pracowniczej, przyjmuj\u0105c nazw\u0119: Powszechnej Sp\u00f3\u0142dzielni \u201eJedno\u015b\u0107\u201d.<\/p><p data-start=\"1028\" data-end=\"1296\"><strong data-start=\"1028\" data-end=\"1061\">Dynamiczny rozw\u00f3j i produkcja<\/strong><br data-start=\"1061\" data-end=\"1064\" \/>Lata 60-te i 70-te by\u0142y okresem intensywnego rozwoju dzia\u0142alno\u015bci handlowej, produkcyjnej i gastronomicznej. W 1957 roku rozpocz\u0119\u0142a dzia\u0142alno\u015b\u0107 nowo wybudowana piekarnia przy jednej z g\u0142\u00f3wnych ulic miasta, kt\u00f3ra funkcjonuje do dzi\u015b.<\/p><p data-start=\"1298\" data-end=\"1609\"><strong data-start=\"1298\" data-end=\"1337\">Gastronomia i dzia\u0142alno\u015b\u0107 spo\u0142eczna<\/strong><br data-start=\"1337\" data-end=\"1340\" \/>Lata 80-te i 90-te to rozw\u00f3j gastronomii \u2013 dzia\u0142a\u0142y popularne restauracje: \u201eParkowa\u201d, \u201eS\u0142oneczna\u201d, \u201eZacisze\u201d oraz kawiarnia \u201eAromat\u201d. Dzia\u0142alno\u015b\u0107 kulturalno-o\u015bwiatowa skupia\u0142a si\u0119 w lokalnym o\u015brodku edukacyjnym. Pod patronatem Sp\u00f3\u0142dzielni dzia\u0142a\u0142 tak\u017ce zesp\u00f3\u0142 muzyczny.<\/p><p data-start=\"1611\" data-end=\"1987\"><strong data-start=\"1611\" data-end=\"1649\">Zmiany gospodarcze i transformacja<\/strong><br data-start=\"1649\" data-end=\"1652\" \/>Na przestrzeni lat Sp\u00f3\u0142dzielnia mierzy\u0142a si\u0119 z licznymi wyzwaniami wynikaj\u0105cymi ze zmian spo\u0142eczno-gospodarczych. Przej\u015bcie do gospodarki wolnorynkowej wymusi\u0142o opracowanie nowej strategii dzia\u0142ania. Od po\u0142owy lat 80-tych Sp\u00f3\u0142dzielnia dzia\u0142a samodzielnie pod nazw\u0105 \u201eSpo\u0142em\u201d Powszechna Sp\u00f3\u0142dzielnia Spo\u017cywc\u00f3w, w oparciu o w\u0142asny statut.<\/p><p data-start=\"1989\" data-end=\"2431\"><strong data-start=\"1989\" data-end=\"2021\">Nowoczesna Sp\u00f3\u0142dzielnia dzi\u015b<\/strong><br data-start=\"2021\" data-end=\"2024\" \/>Obecnie Sp\u00f3\u0142dzielnia, posiadaj\u0105ca ponad 70 lat do\u015bwiadczenia, jest nowoczesnym przedsi\u0119biorstwem dzia\u0142aj\u0105cym w bran\u017cy handlu i produkcji. Jej pozycja zosta\u0142a zbudowana dzi\u0119ki wysokiej jako\u015bci us\u0142ug oraz tradycyjnym recepturom w produkcji piekarsko-cukierniczej. Sp\u00f3\u0142dzielnia prowadzi dzia\u0142alno\u015b\u0107 handlow\u0105 w kilkunastu sklepach oraz produkcyjn\u0105 w piekarni i cukierni. Obiekty s\u0105 systematycznie modernizowane.<\/p><p data-start=\"2433\" data-end=\"2767\"><strong data-start=\"2433\" data-end=\"2471\">Inwestycje i rozw\u00f3j infrastruktury<\/strong><br data-start=\"2471\" data-end=\"2474\" \/>Wa\u017cnym obiektem Sp\u00f3\u0142dzielni jest wielokondygnacyjny dom handlowy \u201eCentrum\u201d, zlokalizowany w centralnej cz\u0119\u015bci miasta, oddany do u\u017cytku w latach 60-tych. W\u015br\u00f3d zmodernizowanych plac\u00f3wek znajduj\u0105 si\u0119 tak\u017ce inne sklepy oraz budynki handlowo-us\u0142ugowe, kt\u00f3re wyr\u00f3\u017cniaj\u0105 si\u0119 nowoczesn\u0105 architektur\u0105.<\/p><p data-start=\"2769\" data-end=\"3024\"><strong data-start=\"2769\" data-end=\"2803\">Modernizacja i nowe inwestycje<\/strong><br data-start=\"2803\" data-end=\"2806\" \/>W latach 2013\/2014 przeprowadzono gruntown\u0105 modernizacj\u0119 zak\u0142ad\u00f3w produkcyjnych. Po\u0142\u0105czono piekarni\u0119 i cukierni\u0119 w jednym budynku, przeprowadzono remonty oraz zakupiono nowe urz\u0105dzenia. Obiekt zyska\u0142 nowoczesny wygl\u0105d.<\/p><p data-start=\"3026\" data-end=\"3260\"><strong data-start=\"3026\" data-end=\"3056\">Nowoczesne sklepy i us\u0142ugi<\/strong><br data-start=\"3056\" data-end=\"3059\" \/>W po\u0142owie drugiej dekady XXI wieku uruchomiono nowy sklep spo\u017cywczo-przemys\u0142owy w centrum miasta. Wszystkie plac\u00f3wki s\u0105 skomputeryzowane i zintegrowane systemowo, co umo\u017cliwia sprawn\u0105 obs\u0142ug\u0119 klient\u00f3w.<\/p><p data-start=\"3262\" data-end=\"3607\"><strong data-start=\"3262\" data-end=\"3295\">Obs\u0142uga klienta i spo\u0142eczno\u015b\u0107<\/strong><br data-start=\"3295\" data-end=\"3298\" \/>W sklepach dost\u0119pne s\u0105 p\u0142atno\u015bci bezgot\u00f3wkowe oraz dodatkowe us\u0142ugi, takie jak op\u0142acanie rachunk\u00f3w czy do\u0142adowania telefon\u00f3w. Sta\u0142ym klientom oferowany jest program lojalno\u015bciowy. Sp\u00f3\u0142dzielnia jest stabilnym pracodawc\u0105 oraz aktywnie wspiera lokaln\u0105 spo\u0142eczno\u015b\u0107 poprzez dzia\u0142alno\u015b\u0107 charytatywn\u0105 i kulturaln\u0105.<\/p>\t\t\t\t\t\t\t\t<\/div>\n\t\t\t\t\t<\/div>\n\t\t\t\t<\/div>\n\t\t\t\t<\/div>\n\t\t","protected":false},"excerpt":{"rendered":"<p>PSS &#8211; Powszechna Sp\u00f3\u0142dzielnia Spo\u017cywc\u00f3w Historia Sp\u00f3\u0142dzielni \u201eSpo\u0142em\u201d PSS dzia\u0142a nieprzerwanie od 1945 roku, rozwijaj\u0105c si\u0119 od niewielkiej sp\u00f3\u0142dzielni do nowoczesnej firmy handlowo-produkcyjnej. Dzi\u0119ki wieloletniej tradycji, wysokiej jako\u015bci produktom i sta\u0142ej modernizacji, pozostaje jedn\u0105 z kluczowych firm w regionie. Historia sp\u00f3\u0142dzielni \u201eSpo\u0142em\u201d Powszechna Sp\u00f3\u0142dzielnia Spo\u017cywc\u00f3w prowadzi dzia\u0142alno\u015b\u0107 od 1945r. Uchwalono w\u00f3wczas Statut Sp\u00f3\u0142dzielni, okre\u015blaj\u0105cy jej [&hellip;]<\/p>\n","protected":false},"author":1,"featured_media":0,"parent":0,"menu_order":0,"comment_status":"closed","ping_status":"closed","template":"","meta":{"_angie_page":false,"footnotes":""},"class_list":["post-486","page","type-page","status-publish","hentry"],"_links":{"self":[{"href":"https:\/\/demopss.pl\/index.php?rest_route=\/wp\/v2\/pages\/486","targetHints":{"allow":["GET"]}}],"collection":[{"href":"https:\/\/demopss.pl\/index.php?rest_route=\/wp\/v2\/pages"}],"about":[{"href":"https:\/\/demopss.pl\/index.php?rest_route=\/wp\/v2\/types\/page"}],"author":[{"embeddable":true,"href":"https:\/\/demopss.pl\/index.php?rest_route=\/wp\/v2\/users\/1"}],"replies":[{"embeddable":true,"href":"https:\/\/demopss.pl\/index.php?rest_route=%2Fwp%2Fv2%2Fcomments&post=486"}],"version-history":[{"count":10,"href":"https:\/\/demopss.pl\/index.php?rest_route=\/wp\/v2\/pages\/486\/revisions"}],"predecessor-version":[{"id":615,"href":"https:\/\/demopss.pl\/index.php?rest_route=\/wp\/v2\/pages\/486\/revisions\/615"}],"wp:attachment":[{"href":"https:\/\/demopss.pl\/index.php?rest_route=%2Fwp%2Fv2%2Fmedia&parent=486"}],"curies":[{"name":"wp","href":"https:\/\/api.w.org\/{rel}","templated":true}]}}