{"id":482,"date":"2026-04-16T08:33:52","date_gmt":"2026-04-16T08:33:52","guid":{"rendered":"https:\/\/demopss.pl\/?page_id=482"},"modified":"2026-04-16T11:05:51","modified_gmt":"2026-04-16T11:05:51","slug":"kontakt","status":"publish","type":"page","link":"https:\/\/demopss.pl\/?page_id=482","title":{"rendered":"Kontakt"},"content":{"rendered":"\t\t<div data-elementor-type=\"wp-page\" data-elementor-id=\"482\" class=\"elementor elementor-482\" data-elementor-post-type=\"page\">\n\t\t\t\t<div class=\"elementor-element elementor-element-5305bac5 e-flex e-con-boxed elementor-invisible e-con e-parent\" data-id=\"5305bac5\" data-element_type=\"container\" data-e-type=\"container\" data-settings=\"{&quot;background_background&quot;:&quot;classic&quot;,&quot;background_motion_fx_motion_fx_scrolling&quot;:&quot;yes&quot;,&quot;background_motion_fx_translateY_effect&quot;:&quot;yes&quot;,&quot;animation&quot;:&quot;fadeIn&quot;,&quot;background_motion_fx_translateY_speed&quot;:{&quot;unit&quot;:&quot;px&quot;,&quot;size&quot;:4,&quot;sizes&quot;:[]},&quot;background_motion_fx_translateY_affectedRange&quot;:{&quot;unit&quot;:&quot;%&quot;,&quot;size&quot;:&quot;&quot;,&quot;sizes&quot;:{&quot;start&quot;:0,&quot;end&quot;:100}},&quot;background_motion_fx_devices&quot;:[&quot;desktop&quot;,&quot;tablet&quot;,&quot;mobile&quot;]}\">\n\t\t\t\t\t<div class=\"e-con-inner\">\n\t\t\t\t<div class=\"elementor-element elementor-element-56a8ad93 elementor-widget elementor-widget-heading\" data-id=\"56a8ad93\" data-element_type=\"widget\" data-e-type=\"widget\" data-widget_type=\"heading.default\">\n\t\t\t\t\t<h5 class=\"elementor-heading-title elementor-size-default\">PSS - Powszechna Sp\u00f3\u0142dzielnia Spo\u017cywc\u00f3w<\/h5>\t\t\t\t<\/div>\n\t\t\t\t<div class=\"elementor-element elementor-element-29fdbf93 elementor-widget elementor-widget-heading\" data-id=\"29fdbf93\" data-element_type=\"widget\" data-e-type=\"widget\" data-widget_type=\"heading.default\">\n\t\t\t\t\t<h1 class=\"elementor-heading-title elementor-size-default\">Kontakt<\/h1>\t\t\t\t<\/div>\n\t\t\t\t<div class=\"elementor-element elementor-element-5bf0ee5e elementor-widget elementor-widget-heading\" data-id=\"5bf0ee5e\" data-element_type=\"widget\" data-e-type=\"widget\" data-widget_type=\"heading.default\">\n\t\t\t\t\t<h5 class=\"elementor-heading-title elementor-size-default\">Zapraszamy do kontaktu z \u201eSpo\u0142em\u201d PSS \u2013 poni\u017cej znajd\u0105 Pa\u0144stwo dane adresowe oraz numery telefon\u00f3w do poszczeg\u00f3lnych dzia\u0142\u00f3w i pracownik\u00f3w.<\/h5>\t\t\t\t<\/div>\n\t\t\t\t\t<\/div>\n\t\t\t\t<\/div>\n\t\t<div class=\"elementor-element elementor-element-79710257 e-flex e-con-boxed e-con e-parent\" data-id=\"79710257\" data-element_type=\"container\" data-e-type=\"container\">\n\t\t\t\t\t<div class=\"e-con-inner\">\n\t\t\t\t<div class=\"elementor-element elementor-element-33cb3866 elementor-widget elementor-widget-home_page_section_v3_250\" data-id=\"33cb3866\" data-element_type=\"widget\" data-e-type=\"widget\" data-widget_type=\"home_page_section_v3_250.default\">\n\t\t\t\t<div class=\"elementor-widget-container\">\n\t\t\t\t\t\t\t<div class=\"hps-250-container\">\r\n\t\t\t<div class=\"hps-250-row hps-250-row-reverse\">\r\n\t\t\t\t<div class=\"hps-250-col hps-250-images hps-250-images-right\">\r\n\t\t\t\t\t<div class=\"hps-250-img-wrapper hps-250-img-large\" data-scroll-speed=\"0.1\">\r\n\t\t\t\t\t\t<img decoding=\"async\" src=\"https:\/\/demopss.pl\/wp-content\/uploads\/2026\/04\/sklep-logo-pss-logo-wizualizacja.webp\" alt=\"\">\r\n\t\t\t\t\t<\/div>\r\n\t\t\t\t\t\t\t\t\t\t<div class=\"hps-250-img-wrapper hps-250-img-small\" data-scroll-speed=\"0.3\">\r\n\t\t\t\t\t\t<img decoding=\"async\" src=\"https:\/\/demopss.pl\/wp-content\/uploads\/2026\/04\/pss-busko-zdroj-kontakt.webp\" alt=\"\">\r\n\t\t\t\t\t<\/div>\r\n\t\t\t\t\t\t\t\t\t<\/div>\r\n\t\t\t\t<div class=\"hps-250-col hps-250-content\">\r\n\t\t\t\t\t<h2 class=\"hps-250-heading\">Kontakt<\/h2>\r\n\t\t\t\t\t<div class=\"hps-250-text\"><p data-start=\"103\" data-end=\"118\"><strong data-start=\"103\" data-end=\"118\">ADRES FIRMY<\/strong><\/p><p data-start=\"120\" data-end=\"196\">\u201eFirma Handlowa\u201d Powszechna Sp\u00f3\u0142dzielnia Spo\u017cywc\u00f3w<br data-start=\"170\" data-end=\"173\" \/>w Miejscowo\u015bci<\/p><p data-start=\"198\" data-end=\"231\">ul. G\u0142\u00f3wna 1<br data-start=\"210\" data-end=\"213\" \/>00-000 Miejscowo\u015b\u0107<\/p><p data-start=\"233\" data-end=\"244\"><strong data-start=\"233\" data-end=\"244\">Telefon<\/strong><\/p><p data-start=\"246\" data-end=\"777\">Centrala: 00 000 00 00<br data-start=\"268\" data-end=\"271\" \/>Sekretariat: wew. 100<br data-start=\"292\" data-end=\"295\" \/>Prezes Zarz\u0105du: wew. 101<br data-start=\"319\" data-end=\"322\" \/>Z-ca Prezesa, Kierownik Dzia\u0142u: wew. 102<br data-start=\"362\" data-end=\"365\" \/>Cz\u0142onek Zarz\u0105du, G\u0142\u00f3wna Ksi\u0119gowa: wew. 103<br data-start=\"407\" data-end=\"410\" \/>Dzia\u0142 Handlu i Marketingu: wew. 110<br data-start=\"445\" data-end=\"448\" data-is-only-node=\"\" \/>Dzia\u0142 Administracji i Techniczny: wew. 111 lub 00 000 00 01<br data-start=\"507\" data-end=\"510\" \/>Dzia\u0142 Spraw Pracowniczych: wew. 112<br data-start=\"545\" data-end=\"548\" \/>Dzia\u0142 Ksi\u0119gowo\u015bci: wew. 113, 114<br data-start=\"580\" data-end=\"583\" \/>Dzia\u0142 Finansowy \u2013 Kasa: wew. 115<br data-start=\"615\" data-end=\"618\" \/>Stanowisko ds. Administracyjnych: wew. 116<br data-start=\"660\" data-end=\"663\" \/>Stanowisko ds. Organizacyjno-Prawnych: wew. 117<br data-start=\"710\" data-end=\"713\" \/>Stanowisko ds. IT: wew. 118<br data-start=\"740\" data-end=\"743\" \/>Zak\u0142ad Produkcyjny: 00 000 00 02<\/p><\/div>\r\n\t\t\t\t<\/div>\r\n\t\t\t<\/div>\r\n\t\t<\/div>\r\n\t\t\t\t\t\t<\/div>\n\t\t\t\t<\/div>\n\t\t\t\t\t<\/div>\n\t\t\t\t<\/div>\n\t\t\t\t<\/div>\n\t\t","protected":false},"excerpt":{"rendered":"<p>PSS &#8211; Powszechna Sp\u00f3\u0142dzielnia Spo\u017cywc\u00f3w Kontakt Zapraszamy do kontaktu z \u201eSpo\u0142em\u201d PSS \u2013 poni\u017cej znajd\u0105 Pa\u0144stwo dane adresowe oraz numery telefon\u00f3w do poszczeg\u00f3lnych dzia\u0142\u00f3w i pracownik\u00f3w. Kontakt ADRES FIRMY \u201eFirma Handlowa\u201d Powszechna Sp\u00f3\u0142dzielnia Spo\u017cywc\u00f3ww Miejscowo\u015bci ul. G\u0142\u00f3wna 100-000 Miejscowo\u015b\u0107 Telefon Centrala: 00 000 00 00Sekretariat: wew. 100Prezes Zarz\u0105du: wew. 101Z-ca Prezesa, Kierownik Dzia\u0142u: wew. 102Cz\u0142onek [&hellip;]<\/p>\n","protected":false},"author":1,"featured_media":0,"parent":0,"menu_order":0,"comment_status":"closed","ping_status":"closed","template":"","meta":{"_angie_page":false,"footnotes":""},"class_list":["post-482","page","type-page","status-publish","hentry"],"_links":{"self":[{"href":"https:\/\/demopss.pl\/index.php?rest_route=\/wp\/v2\/pages\/482","targetHints":{"allow":["GET"]}}],"collection":[{"href":"https:\/\/demopss.pl\/index.php?rest_route=\/wp\/v2\/pages"}],"about":[{"href":"https:\/\/demopss.pl\/index.php?rest_route=\/wp\/v2\/types\/page"}],"author":[{"embeddable":true,"href":"https:\/\/demopss.pl\/index.php?rest_route=\/wp\/v2\/users\/1"}],"replies":[{"embeddable":true,"href":"https:\/\/demopss.pl\/index.php?rest_route=%2Fwp%2Fv2%2Fcomments&post=482"}],"version-history":[{"count":13,"href":"https:\/\/demopss.pl\/index.php?rest_route=\/wp\/v2\/pages\/482\/revisions"}],"predecessor-version":[{"id":670,"href":"https:\/\/demopss.pl\/index.php?rest_route=\/wp\/v2\/pages\/482\/revisions\/670"}],"wp:attachment":[{"href":"https:\/\/demopss.pl\/index.php?rest_route=%2Fwp%2Fv2%2Fmedia&parent=482"}],"curies":[{"name":"wp","href":"https:\/\/api.w.org\/{rel}","templated":true}]}}