{"id":479,"date":"2026-04-16T08:33:52","date_gmt":"2026-04-16T08:33:52","guid":{"rendered":"https:\/\/demopss.pl\/?page_id=479"},"modified":"2026-04-16T10:55:53","modified_gmt":"2026-04-16T10:55:53","slug":"czlonkowie","status":"publish","type":"page","link":"https:\/\/demopss.pl\/?page_id=479","title":{"rendered":"Cz\u0142onkowie"},"content":{"rendered":"\t\t<div data-elementor-type=\"wp-page\" data-elementor-id=\"479\" class=\"elementor elementor-479\" data-elementor-post-type=\"page\">\n\t\t\t\t<div class=\"elementor-element elementor-element-5582df09 e-flex e-con-boxed elementor-invisible e-con e-parent\" data-id=\"5582df09\" data-element_type=\"container\" data-e-type=\"container\" data-settings=\"{&quot;background_background&quot;:&quot;classic&quot;,&quot;background_motion_fx_motion_fx_scrolling&quot;:&quot;yes&quot;,&quot;background_motion_fx_translateY_effect&quot;:&quot;yes&quot;,&quot;animation&quot;:&quot;fadeIn&quot;,&quot;background_motion_fx_translateY_speed&quot;:{&quot;unit&quot;:&quot;px&quot;,&quot;size&quot;:4,&quot;sizes&quot;:[]},&quot;background_motion_fx_translateY_affectedRange&quot;:{&quot;unit&quot;:&quot;%&quot;,&quot;size&quot;:&quot;&quot;,&quot;sizes&quot;:{&quot;start&quot;:0,&quot;end&quot;:100}},&quot;background_motion_fx_devices&quot;:[&quot;desktop&quot;,&quot;tablet&quot;,&quot;mobile&quot;]}\">\n\t\t\t\t\t<div class=\"e-con-inner\">\n\t\t\t\t<div class=\"elementor-element elementor-element-5dde56cf elementor-widget elementor-widget-heading\" data-id=\"5dde56cf\" data-element_type=\"widget\" data-e-type=\"widget\" data-widget_type=\"heading.default\">\n\t\t\t\t\t<h5 class=\"elementor-heading-title elementor-size-default\">PSS - Powszechna Sp\u00f3\u0142dzielnia Spo\u017cywc\u00f3w<\/h5>\t\t\t\t<\/div>\n\t\t\t\t<div class=\"elementor-element elementor-element-366fd68e elementor-widget elementor-widget-heading\" data-id=\"366fd68e\" data-element_type=\"widget\" data-e-type=\"widget\" data-widget_type=\"heading.default\">\n\t\t\t\t\t<h1 class=\"elementor-heading-title elementor-size-default\">Zasady cz\u0142onkostwa Spo\u0142em<\/h1>\t\t\t\t<\/div>\n\t\t\t\t<div class=\"elementor-element elementor-element-37a7e996 elementor-widget elementor-widget-heading\" data-id=\"37a7e996\" data-element_type=\"widget\" data-e-type=\"widget\" data-widget_type=\"heading.default\">\n\t\t\t\t\t<h5 class=\"elementor-heading-title elementor-size-default\">Cz\u0142onkiem Sp\u00f3\u0142dzielni mo\u017ce zosta\u0107 ka\u017cda osoba fizyczna po z\u0142o\u017ceniu deklaracji i wniesieniu op\u0142at, a obecnie zrzesza ona 180 cz\u0142onk\u00f3w.<\/h5>\t\t\t\t<\/div>\n\t\t\t\t\t<\/div>\n\t\t\t\t<\/div>\n\t\t<div class=\"elementor-element elementor-element-1f3733c2 e-flex e-con-boxed e-con e-parent\" data-id=\"1f3733c2\" data-element_type=\"container\" data-e-type=\"container\">\n\t\t\t\t\t<div class=\"e-con-inner\">\n\t\t\t\t<div class=\"elementor-element elementor-element-227e0ef0 elementor-widget elementor-widget-home_page_section_v3_250\" data-id=\"227e0ef0\" data-element_type=\"widget\" data-e-type=\"widget\" data-widget_type=\"home_page_section_v3_250.default\">\n\t\t\t\t<div class=\"elementor-widget-container\">\n\t\t\t\t\t\t\t<div class=\"hps-250-container\">\r\n\t\t\t<div class=\"hps-250-row hps-250-row-reverse\">\r\n\t\t\t\t<div class=\"hps-250-col hps-250-images hps-250-images-right hps-250-single-image\">\r\n\t\t\t\t\t<div class=\"hps-250-img-wrapper hps-250-img-large\" data-scroll-speed=\"0.1\">\r\n\t\t\t\t\t\t<img decoding=\"async\" src=\"https:\/\/demopss.pl\/wp-content\/uploads\/2026\/04\/sklep-logo-pss-logo-wizualizacja.webp\" alt=\"\">\r\n\t\t\t\t\t<\/div>\r\n\t\t\t\t\t\t\t\t\t<\/div>\r\n\t\t\t\t<div class=\"hps-250-col hps-250-content\">\r\n\t\t\t\t\t<h2 class=\"hps-250-heading\">Zasady cz\u0142onkostwa Spo\u0142em<\/h2>\r\n\t\t\t\t\t<div class=\"hps-250-text\"><p><strong>Cz\u0142onkiem Sp\u00f3\u0142dzielni, mo\u017ce by\u0107 ka\u017cda osoba fizyczna, kt\u00f3ra nie prowadzi na w\u0142asny rachunek dzia\u0142alno\u015bci handlowej, produkcyjnej lub us\u0142ugowej konkurencyjnej wobec Sp\u00f3\u0142dzielni.<\/strong><\/p><p>Cz\u0142onk\u00f3w przyjmuje Zarzad Sp\u00f3\u0142dzielni na podstawie z\u0142o\u017conej deklaracji. Cz\u0142onek Sp\u00f3\u0142dzielni obowi\u0105zany jest do wniesienia wpisowego oraz podstawowego udzia\u0142u cz\u0142onkowskiego. Wpisowe wynosi 60 z\u0142, wymagany udzia\u0142 cz\u0142onkowski pe\u0142ny podstawy 400 z\u0142 dla wszystkich cz\u0142onk\u00f3w. W Sp\u00f3\u0142dzielni zarejestrowanych jest og\u00f3\u0142em 180 cz\u0142onk\u00f3w.<\/p><\/div>\r\n\t\t\t\t<\/div>\r\n\t\t\t<\/div>\r\n\t\t<\/div>\r\n\t\t\t\t\t\t<\/div>\n\t\t\t\t<\/div>\n\t\t\t\t\t<\/div>\n\t\t\t\t<\/div>\n\t\t\t\t<\/div>\n\t\t","protected":false},"excerpt":{"rendered":"<p>PSS &#8211; Powszechna Sp\u00f3\u0142dzielnia Spo\u017cywc\u00f3w Zasady cz\u0142onkostwa Spo\u0142em Cz\u0142onkiem Sp\u00f3\u0142dzielni mo\u017ce zosta\u0107 ka\u017cda osoba fizyczna po z\u0142o\u017ceniu deklaracji i wniesieniu op\u0142at, a obecnie zrzesza ona 180 cz\u0142onk\u00f3w. Zasady cz\u0142onkostwa Spo\u0142em Cz\u0142onkiem Sp\u00f3\u0142dzielni, mo\u017ce by\u0107 ka\u017cda osoba fizyczna, kt\u00f3ra nie prowadzi na w\u0142asny rachunek dzia\u0142alno\u015bci handlowej, produkcyjnej lub us\u0142ugowej konkurencyjnej wobec Sp\u00f3\u0142dzielni. Cz\u0142onk\u00f3w przyjmuje Zarzad Sp\u00f3\u0142dzielni [&hellip;]<\/p>\n","protected":false},"author":1,"featured_media":0,"parent":0,"menu_order":0,"comment_status":"closed","ping_status":"closed","template":"","meta":{"_angie_page":false,"footnotes":""},"class_list":["post-479","page","type-page","status-publish","hentry"],"_links":{"self":[{"href":"https:\/\/demopss.pl\/index.php?rest_route=\/wp\/v2\/pages\/479","targetHints":{"allow":["GET"]}}],"collection":[{"href":"https:\/\/demopss.pl\/index.php?rest_route=\/wp\/v2\/pages"}],"about":[{"href":"https:\/\/demopss.pl\/index.php?rest_route=\/wp\/v2\/types\/page"}],"author":[{"embeddable":true,"href":"https:\/\/demopss.pl\/index.php?rest_route=\/wp\/v2\/users\/1"}],"replies":[{"embeddable":true,"href":"https:\/\/demopss.pl\/index.php?rest_route=%2Fwp%2Fv2%2Fcomments&post=479"}],"version-history":[{"count":10,"href":"https:\/\/demopss.pl\/index.php?rest_route=\/wp\/v2\/pages\/479\/revisions"}],"predecessor-version":[{"id":609,"href":"https:\/\/demopss.pl\/index.php?rest_route=\/wp\/v2\/pages\/479\/revisions\/609"}],"wp:attachment":[{"href":"https:\/\/demopss.pl\/index.php?rest_route=%2Fwp%2Fv2%2Fmedia&parent=479"}],"curies":[{"name":"wp","href":"https:\/\/api.w.org\/{rel}","templated":true}]}}