{"id":476,"date":"2026-04-16T08:33:51","date_gmt":"2026-04-16T08:33:51","guid":{"rendered":"https:\/\/demopss.pl\/?page_id=476"},"modified":"2026-04-16T10:56:14","modified_gmt":"2026-04-16T10:56:14","slug":"handel","status":"publish","type":"page","link":"https:\/\/demopss.pl\/?page_id=476","title":{"rendered":"Handel"},"content":{"rendered":"\t\t<div data-elementor-type=\"wp-page\" data-elementor-id=\"476\" class=\"elementor elementor-476\" data-elementor-post-type=\"page\">\n\t\t\t\t<div class=\"elementor-element elementor-element-4bbd3d2e e-flex e-con-boxed elementor-invisible e-con e-parent\" data-id=\"4bbd3d2e\" data-element_type=\"container\" data-e-type=\"container\" data-settings=\"{&quot;background_background&quot;:&quot;classic&quot;,&quot;background_motion_fx_motion_fx_scrolling&quot;:&quot;yes&quot;,&quot;background_motion_fx_translateY_effect&quot;:&quot;yes&quot;,&quot;animation&quot;:&quot;fadeIn&quot;,&quot;background_motion_fx_translateY_speed&quot;:{&quot;unit&quot;:&quot;px&quot;,&quot;size&quot;:4,&quot;sizes&quot;:[]},&quot;background_motion_fx_translateY_affectedRange&quot;:{&quot;unit&quot;:&quot;%&quot;,&quot;size&quot;:&quot;&quot;,&quot;sizes&quot;:{&quot;start&quot;:0,&quot;end&quot;:100}},&quot;background_motion_fx_devices&quot;:[&quot;desktop&quot;,&quot;tablet&quot;,&quot;mobile&quot;]}\">\n\t\t\t\t\t<div class=\"e-con-inner\">\n\t\t\t\t<div class=\"elementor-element elementor-element-42e277e2 elementor-widget elementor-widget-heading\" data-id=\"42e277e2\" data-element_type=\"widget\" data-e-type=\"widget\" data-widget_type=\"heading.default\">\n\t\t\t\t\t<h5 class=\"elementor-heading-title elementor-size-default\">PSS - Powszechna Sp\u00f3\u0142dzielnia Spo\u017cywc\u00f3w<\/h5>\t\t\t\t<\/div>\n\t\t\t\t<div class=\"elementor-element elementor-element-3c858980 elementor-widget elementor-widget-heading\" data-id=\"3c858980\" data-element_type=\"widget\" data-e-type=\"widget\" data-widget_type=\"heading.default\">\n\t\t\t\t\t<h1 class=\"elementor-heading-title elementor-size-default\">Handel<\/h1>\t\t\t\t<\/div>\n\t\t\t\t<div class=\"elementor-element elementor-element-61044e6 elementor-widget elementor-widget-heading\" data-id=\"61044e6\" data-element_type=\"widget\" data-e-type=\"widget\" data-widget_type=\"heading.default\">\n\t\t\t\t\t<h5 class=\"elementor-heading-title elementor-size-default\">\u201eSpo\u0142em\u201d PSS prowadzi 12 sklep\u00f3w, oferuj\u0105c szeroki wyb\u00f3r produkt\u00f3w wysokiej jako\u015bci, nowoczesne rozwi\u0105zania zakupowe oraz profesjonaln\u0105 obs\u0142ug\u0119, dzi\u0119ki czemu cieszy si\u0119 zaufaniem tysi\u0119cy klient\u00f3w.<\/h5>\t\t\t\t<\/div>\n\t\t\t\t\t<\/div>\n\t\t\t\t<\/div>\n\t\t<div class=\"elementor-element elementor-element-4a81fd90 e-flex e-con-boxed e-con e-parent\" data-id=\"4a81fd90\" data-element_type=\"container\" data-e-type=\"container\">\n\t\t\t\t\t<div class=\"e-con-inner\">\n\t\t\t\t<div class=\"elementor-element elementor-element-47941a69 elementor-widget elementor-widget-home_page_section_v3_250\" data-id=\"47941a69\" data-element_type=\"widget\" data-e-type=\"widget\" data-widget_type=\"home_page_section_v3_250.default\">\n\t\t\t\t<div class=\"elementor-widget-container\">\n\t\t\t\t\t\t\t<div class=\"hps-250-container\">\r\n\t\t\t<div class=\"hps-250-row hps-250-row-reverse\">\r\n\t\t\t\t<div class=\"hps-250-col hps-250-images hps-250-images-right hps-250-single-image\">\r\n\t\t\t\t\t<div class=\"hps-250-img-wrapper hps-250-img-large\" data-scroll-speed=\"0.1\">\r\n\t\t\t\t\t\t<img decoding=\"async\" src=\"https:\/\/demopss.pl\/wp-content\/uploads\/2026\/04\/sklep-logo-pss-logo-wizualizacja.webp\" alt=\"\">\r\n\t\t\t\t\t<\/div>\r\n\t\t\t\t\t\t\t\t\t<\/div>\r\n\t\t\t\t<div class=\"hps-250-col hps-250-content\">\r\n\t\t\t\t\t<h2 class=\"hps-250-heading\">Handel<\/h2>\r\n\t\t\t\t\t<div class=\"hps-250-text\"><p><strong>\u201eSpo\u0142em\u201d Powszechna Sp\u00f3\u0142dzielnia Spo\u017cywc\u00f3w prowadzi dzia\u0142alno\u015b\u0107 w 12 sklepach handlu detalicznego, s\u0105 to sklepy spo\u017cywcze, spo\u017cywczo-przemys\u0142owe oraz przemys\u0142owe.<\/strong><\/p><p>Jednym z najwi\u0119kszych jest sklep \u201eTop\u201d, kt\u00f3ry po gruntownym remoncie zyska\u0142 oblicze nowoczesnego sklepu poprzez ciekaw\u0105 architektur\u0119, kolorystyk\u0119 i zastosowanie nowoczesnych materia\u0142\u00f3w z aluminium w po\u0142\u0105czeniu ze szk\u0142em .<\/p><\/div>\r\n\t\t\t\t<\/div>\r\n\t\t\t<\/div>\r\n\t\t<\/div>\r\n\t\t\t\t\t\t<\/div>\n\t\t\t\t<\/div>\n\t\t\t\t\t<\/div>\n\t\t\t\t<\/div>\n\t\t<div class=\"elementor-element elementor-element-40c780cb e-flex e-con-boxed e-con e-parent\" data-id=\"40c780cb\" data-element_type=\"container\" data-e-type=\"container\">\n\t\t\t\t\t<div class=\"e-con-inner\">\n\t\t\t\t<div class=\"elementor-element elementor-element-474ca7a4 elementor-widget elementor-widget-text-editor\" data-id=\"474ca7a4\" data-element_type=\"widget\" data-e-type=\"widget\" data-widget_type=\"text-editor.default\">\n\t\t\t\t\t\t\t\t\t<p>Dzi\u0119ki mi\u0142emu i fachowemu personelowi oraz pe\u0142nej ofercie asortymentowej \/ponad 10 000 pozycji spe\u0142niamy oczekiwania klient\u00f3w. Dzia\u0142alno\u015b\u0107 handlowa dostosowana jest do obowi\u0105zuj\u0105cych przepis\u00f3w prawa unijnego. W ofercie swojej \u201eSpo\u0142em\u2019 PSS stawia na wysok\u0105 jako\u015b\u0107 towar\u00f3w produkowanych przez wiod\u0105cych polskich producent\u00f3w \u017cywno\u015bci, artyku\u0142\u00f3w sprawdzonych, markowych, posiadaj\u0105cych wysokie walory od\u017cywcze i smakowe.<\/p><p>Systematycznie i konsekwentnie podnosimy standard obs\u0142ugi klient\u00f3w oraz sklep\u00f3w poprzez zmian\u0119 organizacji sprzeda\u017cy, zmiany wizualizacji, zastosowanie nowych system\u00f3w komputerowo-kasowych, klimatyzacje, wykorzystanie nowych technik stwarzaj\u0105cych klientom optymalne warunki do dokonywania zakup\u00f3w. Umocnienie pozycji na lokalnym rynku, oraz dba\u0142o\u015b\u0107 o obs\u0142ug\u0119 jest priorytetem naszej pracy. Zadanie to spe\u0142niamy nale\u017cycie o czym \u015bwiadcz\u0105 tysi\u0105ce klient\u00f3w odwiedzaj\u0105cych codziennie nasze sklepy.<\/p><p><strong>Zapraszamy na zakupy do sieci sklep\u00f3w &#8222;SPO\u0141EM&#8221; Powszechnej Sp\u00f3\u0142dzielni Spo\u017cywc\u00f3w.<\/strong><\/p>\t\t\t\t\t\t\t\t<\/div>\n\t\t\t\t\t<\/div>\n\t\t\t\t<\/div>\n\t\t\t\t<\/div>\n\t\t","protected":false},"excerpt":{"rendered":"<p>PSS &#8211; Powszechna Sp\u00f3\u0142dzielnia Spo\u017cywc\u00f3w Handel \u201eSpo\u0142em\u201d PSS prowadzi 12 sklep\u00f3w, oferuj\u0105c szeroki wyb\u00f3r produkt\u00f3w wysokiej jako\u015bci, nowoczesne rozwi\u0105zania zakupowe oraz profesjonaln\u0105 obs\u0142ug\u0119, dzi\u0119ki czemu cieszy si\u0119 zaufaniem tysi\u0119cy klient\u00f3w. Handel \u201eSpo\u0142em\u201d Powszechna Sp\u00f3\u0142dzielnia Spo\u017cywc\u00f3w prowadzi dzia\u0142alno\u015b\u0107 w 12 sklepach handlu detalicznego, s\u0105 to sklepy spo\u017cywcze, spo\u017cywczo-przemys\u0142owe oraz przemys\u0142owe. Jednym z najwi\u0119kszych jest sklep \u201eTop\u201d, [&hellip;]<\/p>\n","protected":false},"author":1,"featured_media":0,"parent":0,"menu_order":0,"comment_status":"closed","ping_status":"closed","template":"","meta":{"_angie_page":false,"footnotes":""},"class_list":["post-476","page","type-page","status-publish","hentry"],"_links":{"self":[{"href":"https:\/\/demopss.pl\/index.php?rest_route=\/wp\/v2\/pages\/476","targetHints":{"allow":["GET"]}}],"collection":[{"href":"https:\/\/demopss.pl\/index.php?rest_route=\/wp\/v2\/pages"}],"about":[{"href":"https:\/\/demopss.pl\/index.php?rest_route=\/wp\/v2\/types\/page"}],"author":[{"embeddable":true,"href":"https:\/\/demopss.pl\/index.php?rest_route=\/wp\/v2\/users\/1"}],"replies":[{"embeddable":true,"href":"https:\/\/demopss.pl\/index.php?rest_route=%2Fwp%2Fv2%2Fcomments&post=476"}],"version-history":[{"count":13,"href":"https:\/\/demopss.pl\/index.php?rest_route=\/wp\/v2\/pages\/476\/revisions"}],"predecessor-version":[{"id":612,"href":"https:\/\/demopss.pl\/index.php?rest_route=\/wp\/v2\/pages\/476\/revisions\/612"}],"wp:attachment":[{"href":"https:\/\/demopss.pl\/index.php?rest_route=%2Fwp%2Fv2%2Fmedia&parent=476"}],"curies":[{"name":"wp","href":"https:\/\/api.w.org\/{rel}","templated":true}]}}