{"id":459,"date":"2026-04-16T08:33:50","date_gmt":"2026-04-16T08:33:50","guid":{"rendered":"https:\/\/demopss.pl\/?page_id=459"},"modified":"2026-04-16T11:03:40","modified_gmt":"2026-04-16T11:03:40","slug":"wykaz-sklepow","status":"publish","type":"page","link":"https:\/\/demopss.pl\/?page_id=459","title":{"rendered":"Wykaz sklep\u00f3w"},"content":{"rendered":"\t\t<div data-elementor-type=\"wp-page\" data-elementor-id=\"459\" class=\"elementor elementor-459\" data-elementor-post-type=\"page\">\n\t\t\t\t<div class=\"elementor-element elementor-element-128ea52f e-flex e-con-boxed elementor-invisible e-con e-parent\" data-id=\"128ea52f\" data-element_type=\"container\" data-e-type=\"container\" data-settings=\"{&quot;background_background&quot;:&quot;classic&quot;,&quot;background_motion_fx_motion_fx_scrolling&quot;:&quot;yes&quot;,&quot;background_motion_fx_translateY_effect&quot;:&quot;yes&quot;,&quot;animation&quot;:&quot;fadeIn&quot;,&quot;background_motion_fx_translateY_speed&quot;:{&quot;unit&quot;:&quot;px&quot;,&quot;size&quot;:4,&quot;sizes&quot;:[]},&quot;background_motion_fx_translateY_affectedRange&quot;:{&quot;unit&quot;:&quot;%&quot;,&quot;size&quot;:&quot;&quot;,&quot;sizes&quot;:{&quot;start&quot;:0,&quot;end&quot;:100}},&quot;background_motion_fx_devices&quot;:[&quot;desktop&quot;,&quot;tablet&quot;,&quot;mobile&quot;]}\">\n\t\t\t\t\t<div class=\"e-con-inner\">\n\t\t\t\t<div class=\"elementor-element elementor-element-6e723718 elementor-widget elementor-widget-heading\" data-id=\"6e723718\" data-element_type=\"widget\" data-e-type=\"widget\" data-widget_type=\"heading.default\">\n\t\t\t\t\t<h5 class=\"elementor-heading-title elementor-size-default\">PSS - Powszechna Sp\u00f3\u0142dzielnia Spo\u017cywc\u00f3w<\/h5>\t\t\t\t<\/div>\n\t\t\t\t<div class=\"elementor-element elementor-element-30e78f8d elementor-widget elementor-widget-heading\" data-id=\"30e78f8d\" data-element_type=\"widget\" data-e-type=\"widget\" data-widget_type=\"heading.default\">\n\t\t\t\t\t<h1 class=\"elementor-heading-title elementor-size-default\">Wykaz sklep\u00f3w<\/h1>\t\t\t\t<\/div>\n\t\t\t\t<div class=\"elementor-element elementor-element-6cae352c elementor-widget elementor-widget-heading\" data-id=\"6cae352c\" data-element_type=\"widget\" data-e-type=\"widget\" data-widget_type=\"heading.default\">\n\t\t\t\t\t<h5 class=\"elementor-heading-title elementor-size-default\">Cz\u0142onkiem Sp\u00f3\u0142dzielni mo\u017ce zosta\u0107 ka\u017cda osoba fizyczna po z\u0142o\u017ceniu deklaracji i wniesieniu op\u0142at, a obecnie zrzesza ona 180 cz\u0142onk\u00f3w.<\/h5>\t\t\t\t<\/div>\n\t\t\t\t\t<\/div>\n\t\t\t\t<\/div>\n\t\t<div class=\"elementor-element elementor-element-464ca510 e-flex e-con-boxed e-con e-parent\" data-id=\"464ca510\" data-element_type=\"container\" data-e-type=\"container\">\n\t\t\t\t\t<div class=\"e-con-inner\">\n\t\t\t\t<div class=\"elementor-element elementor-element-718231bc elementor-widget__width-initial elementor-position-top elementor-widget elementor-widget-image-box\" data-id=\"718231bc\" data-element_type=\"widget\" data-e-type=\"widget\" data-widget_type=\"image-box.default\">\n\t\t\t\t\t<div class=\"elementor-image-box-wrapper\"><figure class=\"elementor-image-box-img\"><img fetchpriority=\"high\" decoding=\"async\" width=\"1920\" height=\"1072\" src=\"https:\/\/demopss.pl\/wp-content\/uploads\/2026\/04\/sklep-logo-pss-logo-wizualizacja.webp\" class=\"attachment-full size-full wp-image-606\" alt=\"\" srcset=\"https:\/\/demopss.pl\/wp-content\/uploads\/2026\/04\/sklep-logo-pss-logo-wizualizacja.webp 1920w, https:\/\/demopss.pl\/wp-content\/uploads\/2026\/04\/sklep-logo-pss-logo-wizualizacja-300x168.webp 300w, https:\/\/demopss.pl\/wp-content\/uploads\/2026\/04\/sklep-logo-pss-logo-wizualizacja-1024x572.webp 1024w, https:\/\/demopss.pl\/wp-content\/uploads\/2026\/04\/sklep-logo-pss-logo-wizualizacja-768x429.webp 768w, https:\/\/demopss.pl\/wp-content\/uploads\/2026\/04\/sklep-logo-pss-logo-wizualizacja-1536x858.webp 1536w\" sizes=\"(max-width: 1920px) 100vw, 1920px\" \/><\/figure><div class=\"elementor-image-box-content\"><h3 class=\"elementor-image-box-title\">Sklep nr 1<\/h3><p class=\"elementor-image-box-description\"><h6> spo\u017cywczo-przemys\u0142owy<br><\/h6><b>Adres:<\/b> ul. Warszawska 6\/1<br>\n<b>Czynny:<\/b> Pon-Sobota:  6.30 - 22:00<br>   \n<b>Nr telefonu:<\/b> 55 279 22 33<\/p><\/div><\/div>\t\t\t\t<\/div>\n\t\t\t\t<div class=\"elementor-element elementor-element-a035bad elementor-widget__width-initial elementor-position-top elementor-widget elementor-widget-image-box\" data-id=\"a035bad\" data-element_type=\"widget\" data-e-type=\"widget\" data-widget_type=\"image-box.default\">\n\t\t\t\t\t<div class=\"elementor-image-box-wrapper\"><figure class=\"elementor-image-box-img\"><img fetchpriority=\"high\" decoding=\"async\" width=\"1920\" height=\"1072\" src=\"https:\/\/demopss.pl\/wp-content\/uploads\/2026\/04\/sklep-logo-pss-logo-wizualizacja.webp\" class=\"attachment-full size-full wp-image-606\" alt=\"\" srcset=\"https:\/\/demopss.pl\/wp-content\/uploads\/2026\/04\/sklep-logo-pss-logo-wizualizacja.webp 1920w, https:\/\/demopss.pl\/wp-content\/uploads\/2026\/04\/sklep-logo-pss-logo-wizualizacja-300x168.webp 300w, https:\/\/demopss.pl\/wp-content\/uploads\/2026\/04\/sklep-logo-pss-logo-wizualizacja-1024x572.webp 1024w, https:\/\/demopss.pl\/wp-content\/uploads\/2026\/04\/sklep-logo-pss-logo-wizualizacja-768x429.webp 768w, https:\/\/demopss.pl\/wp-content\/uploads\/2026\/04\/sklep-logo-pss-logo-wizualizacja-1536x858.webp 1536w\" sizes=\"(max-width: 1920px) 100vw, 1920px\" \/><\/figure><div class=\"elementor-image-box-content\"><h3 class=\"elementor-image-box-title\">Sklep nr 2<\/h3><p class=\"elementor-image-box-description\"><h6> spo\u017cywczo-przemys\u0142owy<br><\/h6><b>Adres:<\/b> ul. Warszawska 6\/1<br>\n<b>Czynny:<\/b> Pon-Sobota:  6.30 - 22:00<br>   \n<b>Nr telefonu:<\/b> 55 279 22 33<\/p><\/div><\/div>\t\t\t\t<\/div>\n\t\t\t\t<div class=\"elementor-element elementor-element-72280648 elementor-widget__width-initial elementor-position-top elementor-widget elementor-widget-image-box\" data-id=\"72280648\" data-element_type=\"widget\" data-e-type=\"widget\" data-widget_type=\"image-box.default\">\n\t\t\t\t\t<div class=\"elementor-image-box-wrapper\"><figure class=\"elementor-image-box-img\"><img fetchpriority=\"high\" decoding=\"async\" width=\"1920\" height=\"1072\" src=\"https:\/\/demopss.pl\/wp-content\/uploads\/2026\/04\/sklep-logo-pss-logo-wizualizacja.webp\" class=\"attachment-full size-full wp-image-606\" alt=\"\" srcset=\"https:\/\/demopss.pl\/wp-content\/uploads\/2026\/04\/sklep-logo-pss-logo-wizualizacja.webp 1920w, https:\/\/demopss.pl\/wp-content\/uploads\/2026\/04\/sklep-logo-pss-logo-wizualizacja-300x168.webp 300w, https:\/\/demopss.pl\/wp-content\/uploads\/2026\/04\/sklep-logo-pss-logo-wizualizacja-1024x572.webp 1024w, https:\/\/demopss.pl\/wp-content\/uploads\/2026\/04\/sklep-logo-pss-logo-wizualizacja-768x429.webp 768w, https:\/\/demopss.pl\/wp-content\/uploads\/2026\/04\/sklep-logo-pss-logo-wizualizacja-1536x858.webp 1536w\" sizes=\"(max-width: 1920px) 100vw, 1920px\" \/><\/figure><div class=\"elementor-image-box-content\"><h3 class=\"elementor-image-box-title\">Sklep nr 3<\/h3><p class=\"elementor-image-box-description\"><h6> spo\u017cywczo-przemys\u0142owy<br><\/h6><b>Adres:<\/b> ul. Warszawska 6\/1<br>\n<b>Czynny:<\/b> Pon-Sobota:  6.30 - 22:00<br>   \n<b>Nr telefonu:<\/b> 55 279 22 33<\/p><\/div><\/div>\t\t\t\t<\/div>\n\t\t\t\t\t<\/div>\n\t\t\t\t<\/div>\n\t\t\t\t<\/div>\n\t\t","protected":false},"excerpt":{"rendered":"<p>PSS &#8211; Powszechna Sp\u00f3\u0142dzielnia Spo\u017cywc\u00f3w Wykaz sklep\u00f3w Cz\u0142onkiem Sp\u00f3\u0142dzielni mo\u017ce zosta\u0107 ka\u017cda osoba fizyczna po z\u0142o\u017ceniu deklaracji i wniesieniu op\u0142at, a obecnie zrzesza ona 180 cz\u0142onk\u00f3w. Sklep nr 1 spo\u017cywczo-przemys\u0142owy Adres: ul. Warszawska 6\/1 Czynny: Pon-Sobota: 6.30 &#8211; 22:00 Nr telefonu: 55 279 22 33 Sklep nr 2 spo\u017cywczo-przemys\u0142owy Adres: ul. Warszawska 6\/1 Czynny: Pon-Sobota: [&hellip;]<\/p>\n","protected":false},"author":1,"featured_media":0,"parent":0,"menu_order":0,"comment_status":"closed","ping_status":"closed","template":"","meta":{"_angie_page":false,"footnotes":""},"class_list":["post-459","page","type-page","status-publish","hentry"],"_links":{"self":[{"href":"https:\/\/demopss.pl\/index.php?rest_route=\/wp\/v2\/pages\/459","targetHints":{"allow":["GET"]}}],"collection":[{"href":"https:\/\/demopss.pl\/index.php?rest_route=\/wp\/v2\/pages"}],"about":[{"href":"https:\/\/demopss.pl\/index.php?rest_route=\/wp\/v2\/types\/page"}],"author":[{"embeddable":true,"href":"https:\/\/demopss.pl\/index.php?rest_route=\/wp\/v2\/users\/1"}],"replies":[{"embeddable":true,"href":"https:\/\/demopss.pl\/index.php?rest_route=%2Fwp%2Fv2%2Fcomments&post=459"}],"version-history":[{"count":10,"href":"https:\/\/demopss.pl\/index.php?rest_route=\/wp\/v2\/pages\/459\/revisions"}],"predecessor-version":[{"id":651,"href":"https:\/\/demopss.pl\/index.php?rest_route=\/wp\/v2\/pages\/459\/revisions\/651"}],"wp:attachment":[{"href":"https:\/\/demopss.pl\/index.php?rest_route=%2Fwp%2Fv2%2Fmedia&parent=459"}],"curies":[{"name":"wp","href":"https:\/\/api.w.org\/{rel}","templated":true}]}}