{"id":449,"date":"2026-04-16T08:33:49","date_gmt":"2026-04-16T08:33:49","guid":{"rendered":"https:\/\/demopss.pl\/?page_id=449"},"modified":"2026-04-16T10:58:49","modified_gmt":"2026-04-16T10:58:49","slug":"piekarnia","status":"publish","type":"page","link":"https:\/\/demopss.pl\/?page_id=449","title":{"rendered":"Piekarnia"},"content":{"rendered":"\t\t<div data-elementor-type=\"wp-page\" data-elementor-id=\"449\" class=\"elementor elementor-449\" data-elementor-post-type=\"page\">\n\t\t\t\t<div class=\"elementor-element elementor-element-454b67fc e-flex e-con-boxed elementor-invisible e-con e-parent\" data-id=\"454b67fc\" data-element_type=\"container\" data-e-type=\"container\" data-settings=\"{&quot;background_background&quot;:&quot;classic&quot;,&quot;background_motion_fx_motion_fx_scrolling&quot;:&quot;yes&quot;,&quot;background_motion_fx_translateY_effect&quot;:&quot;yes&quot;,&quot;animation&quot;:&quot;fadeIn&quot;,&quot;background_motion_fx_translateY_speed&quot;:{&quot;unit&quot;:&quot;px&quot;,&quot;size&quot;:4,&quot;sizes&quot;:[]},&quot;background_motion_fx_translateY_affectedRange&quot;:{&quot;unit&quot;:&quot;%&quot;,&quot;size&quot;:&quot;&quot;,&quot;sizes&quot;:{&quot;start&quot;:0,&quot;end&quot;:100}},&quot;background_motion_fx_devices&quot;:[&quot;desktop&quot;,&quot;tablet&quot;,&quot;mobile&quot;]}\">\n\t\t\t\t\t<div class=\"e-con-inner\">\n\t\t\t\t<div class=\"elementor-element elementor-element-146cfbbf elementor-widget elementor-widget-heading\" data-id=\"146cfbbf\" data-element_type=\"widget\" data-e-type=\"widget\" data-widget_type=\"heading.default\">\n\t\t\t\t\t<h5 class=\"elementor-heading-title elementor-size-default\">PSS - Powszechna Sp\u00f3\u0142dzielnia Spo\u017cywc\u00f3w<\/h5>\t\t\t\t<\/div>\n\t\t\t\t<div class=\"elementor-element elementor-element-621c7d64 elementor-widget elementor-widget-heading\" data-id=\"621c7d64\" data-element_type=\"widget\" data-e-type=\"widget\" data-widget_type=\"heading.default\">\n\t\t\t\t\t<h1 class=\"elementor-heading-title elementor-size-default\">Piekarnia<\/h1>\t\t\t\t<\/div>\n\t\t\t\t<div class=\"elementor-element elementor-element-5458cde0 elementor-widget elementor-widget-heading\" data-id=\"5458cde0\" data-element_type=\"widget\" data-e-type=\"widget\" data-widget_type=\"heading.default\">\n\t\t\t\t\t<h5 class=\"elementor-heading-title elementor-size-default\">Oferujemy szeroki wyb\u00f3r pieczywa \u2013 od \u017cytniego i razowego po pszenne i drobne wypieki, przygotowywane tradycyjn\u0105 metod\u0105 na naturalnym zakwasie, bez chemicznych dodatk\u00f3w, pod sta\u0142ym nadzorem sanitarnym i zgodnie z systemem HACCP.<\/h5>\t\t\t\t<\/div>\n\t\t\t\t<div class=\"elementor-element elementor-element-5069341d elementor-widget__width-auto elementor-align-right elementor-widget elementor-widget-button\" data-id=\"5069341d\" data-element_type=\"widget\" data-e-type=\"widget\" data-widget_type=\"button.default\">\n\t\t\t\t\t\t\t\t\t\t<a class=\"elementor-button elementor-button-link elementor-size-sm\" href=\"#\">\n\t\t\t\t\t\t<span class=\"elementor-button-content-wrapper\">\n\t\t\t\t\t\t\t\t\t<span class=\"elementor-button-text\">Zapraszamy!<\/span>\n\t\t\t\t\t<\/span>\n\t\t\t\t\t<\/a>\n\t\t\t\t\t\t\t\t<\/div>\n\t\t\t\t\t<\/div>\n\t\t\t\t<\/div>\n\t\t<div class=\"elementor-element elementor-element-6a0acdaa e-flex e-con-boxed e-con e-parent\" data-id=\"6a0acdaa\" data-element_type=\"container\" data-e-type=\"container\">\n\t\t\t\t\t<div class=\"e-con-inner\">\n\t\t\t\t<div class=\"elementor-element elementor-element-417324ca elementor-widget elementor-widget-home_page_section_v3_250\" data-id=\"417324ca\" data-element_type=\"widget\" data-e-type=\"widget\" data-widget_type=\"home_page_section_v3_250.default\">\n\t\t\t\t<div class=\"elementor-widget-container\">\n\t\t\t\t\t\t\t<div class=\"hps-250-container\">\r\n\t\t\t<div class=\"hps-250-row\">\r\n\t\t\t\t<div class=\"hps-250-col hps-250-images hps-250-images-left\">\r\n\t\t\t\t\t<div class=\"hps-250-img-wrapper hps-250-img-large\" data-scroll-speed=\"0.1\">\r\n\t\t\t\t\t\t<img decoding=\"async\" src=\"https:\/\/demopss.pl\/wp-content\/uploads\/2026\/04\/pieczywo-bulki-chleby-pss-busko.webp\" alt=\"\">\r\n\t\t\t\t\t<\/div>\r\n\t\t\t\t\t\t\t\t\t\t<div class=\"hps-250-img-wrapper hps-250-img-small\" data-scroll-speed=\"0.3\">\r\n\t\t\t\t\t\t<img decoding=\"async\" src=\"https:\/\/demopss.pl\/wp-content\/uploads\/2026\/04\/ciastka-pss-busko-drozdzowki2-scaled-1.webp\" alt=\"\">\r\n\t\t\t\t\t<\/div>\r\n\t\t\t\t\t\t\t\t\t<\/div>\r\n\t\t\t\t<div class=\"hps-250-col hps-250-content\">\r\n\t\t\t\t\t<h2 class=\"hps-250-heading\">Piekarnia Spo\u0142em<\/h2>\r\n\t\t\t\t\t<div class=\"hps-250-text\"><p>Piekarnia \u201eSpo\u0142em\u201d PSS \u00a0mie\u015bci si\u0119 przy ul. Warszawskiej 9 (tel. 55 555 12 34) i oferuje szeroki asortyment \u015bwie\u017cego pieczywa. W ofercie znajduj\u0105 si\u0119 chleby \u017cytnie, mieszane, razowe i pszenne, a tak\u017ce r\u00f3\u017cnorodne pieczywo drobne, w tym bu\u0142ki, rogale, obwarzanki oraz wypieki wieloziarniste i smakowe, przygotowywane z my\u015bl\u0105 o codziennych potrzebach klient\u00f3w.<\/p><\/div>\r\n\t\t\t\t<\/div>\r\n\t\t\t<\/div>\r\n\t\t<\/div>\r\n\t\t\t\t\t\t<\/div>\n\t\t\t\t<\/div>\n\t\t\t\t<div class=\"elementor-element elementor-element-11d661a6 elementor-widget elementor-widget-home_page_section_v3_250\" data-id=\"11d661a6\" data-element_type=\"widget\" data-e-type=\"widget\" data-widget_type=\"home_page_section_v3_250.default\">\n\t\t\t\t<div class=\"elementor-widget-container\">\n\t\t\t\t\t\t\t<div class=\"hps-250-container\">\r\n\t\t\t<div class=\"hps-250-row hps-250-row-reverse\">\r\n\t\t\t\t<div class=\"hps-250-col hps-250-images hps-250-images-right hps-250-single-image\">\r\n\t\t\t\t\t<div class=\"hps-250-img-wrapper hps-250-img-large\" data-scroll-speed=\"0.1\">\r\n\t\t\t\t\t\t<img decoding=\"async\" src=\"https:\/\/demopss.pl\/wp-content\/uploads\/2026\/04\/ciastka-pss-busko-drozdzowki-scaled-1.webp\" alt=\"\">\r\n\t\t\t\t\t<\/div>\r\n\t\t\t\t\t\t\t\t\t<\/div>\r\n\t\t\t\t<div class=\"hps-250-col hps-250-content\">\r\n\t\t\t\t\t<h2 class=\"hps-250-heading\">Tradycja i jako\u015b\u0107 wypiek\u00f3w<\/h2>\r\n\t\t\t\t\t<div class=\"hps-250-text\">Pieczywo produkowane jest metod\u0105 tradycyjn\u0105 na naturalnym zakwasie, z wykorzystaniem wysokiej jako\u015bci m\u0105ki i naturalnych sk\u0142adnik\u00f3w, bez stosowania chemicznych polepszaczy. Proces produkcji odbywa si\u0119 pod sta\u0142ym nadzorem s\u0142u\u017cb sanitarno-epidemiologicznych, a w zak\u0142adzie funkcjonuje system HACCP, zapewniaj\u0105cy najwy\u017csze standardy jako\u015bci i bezpiecze\u0144stwa \u017cywno\u015bci.<\/div>\r\n\t\t\t\t<\/div>\r\n\t\t\t<\/div>\r\n\t\t<\/div>\r\n\t\t\t\t\t\t<\/div>\n\t\t\t\t<\/div>\n\t\t\t\t\t<\/div>\n\t\t\t\t<\/div>\n\t\t\t\t<\/div>\n\t\t","protected":false},"excerpt":{"rendered":"<p>PSS &#8211; Powszechna Sp\u00f3\u0142dzielnia Spo\u017cywc\u00f3w Piekarnia Oferujemy szeroki wyb\u00f3r pieczywa \u2013 od \u017cytniego i razowego po pszenne i drobne wypieki, przygotowywane tradycyjn\u0105 metod\u0105 na naturalnym zakwasie, bez chemicznych dodatk\u00f3w, pod sta\u0142ym nadzorem sanitarnym i zgodnie z systemem HACCP. Zapraszamy! Piekarnia Spo\u0142em Piekarnia \u201eSpo\u0142em\u201d PSS \u00a0mie\u015bci si\u0119 przy ul. Warszawskiej 9 (tel. 55 555 12 34) [&hellip;]<\/p>\n","protected":false},"author":1,"featured_media":0,"parent":0,"menu_order":0,"comment_status":"closed","ping_status":"closed","template":"","meta":{"_angie_page":false,"footnotes":""},"class_list":["post-449","page","type-page","status-publish","hentry"],"_links":{"self":[{"href":"https:\/\/demopss.pl\/index.php?rest_route=\/wp\/v2\/pages\/449","targetHints":{"allow":["GET"]}}],"collection":[{"href":"https:\/\/demopss.pl\/index.php?rest_route=\/wp\/v2\/pages"}],"about":[{"href":"https:\/\/demopss.pl\/index.php?rest_route=\/wp\/v2\/types\/page"}],"author":[{"embeddable":true,"href":"https:\/\/demopss.pl\/index.php?rest_route=\/wp\/v2\/users\/1"}],"replies":[{"embeddable":true,"href":"https:\/\/demopss.pl\/index.php?rest_route=%2Fwp%2Fv2%2Fcomments&post=449"}],"version-history":[{"count":7,"href":"https:\/\/demopss.pl\/index.php?rest_route=\/wp\/v2\/pages\/449\/revisions"}],"predecessor-version":[{"id":633,"href":"https:\/\/demopss.pl\/index.php?rest_route=\/wp\/v2\/pages\/449\/revisions\/633"}],"wp:attachment":[{"href":"https:\/\/demopss.pl\/index.php?rest_route=%2Fwp%2Fv2%2Fmedia&parent=449"}],"curies":[{"name":"wp","href":"https:\/\/api.w.org\/{rel}","templated":true}]}}