{"id":445,"date":"2026-04-16T08:33:49","date_gmt":"2026-04-16T08:33:49","guid":{"rendered":"https:\/\/demopss.pl\/?page_id=445"},"modified":"2026-04-16T10:53:12","modified_gmt":"2026-04-16T10:53:12","slug":"karta-platnicza","status":"publish","type":"page","link":"https:\/\/demopss.pl\/?page_id=445","title":{"rendered":"Karta P\u0142atnicza"},"content":{"rendered":"\t\t<div data-elementor-type=\"wp-page\" data-elementor-id=\"445\" class=\"elementor elementor-445\" data-elementor-post-type=\"page\">\n\t\t\t\t<div class=\"elementor-element elementor-element-7807a248 e-flex e-con-boxed elementor-invisible e-con e-parent\" data-id=\"7807a248\" data-element_type=\"container\" data-e-type=\"container\" data-settings=\"{&quot;background_background&quot;:&quot;classic&quot;,&quot;background_motion_fx_motion_fx_scrolling&quot;:&quot;yes&quot;,&quot;background_motion_fx_translateY_effect&quot;:&quot;yes&quot;,&quot;animation&quot;:&quot;fadeIn&quot;,&quot;background_motion_fx_translateY_speed&quot;:{&quot;unit&quot;:&quot;px&quot;,&quot;size&quot;:4,&quot;sizes&quot;:[]},&quot;background_motion_fx_translateY_affectedRange&quot;:{&quot;unit&quot;:&quot;%&quot;,&quot;size&quot;:&quot;&quot;,&quot;sizes&quot;:{&quot;start&quot;:0,&quot;end&quot;:100}},&quot;background_motion_fx_devices&quot;:[&quot;desktop&quot;,&quot;tablet&quot;,&quot;mobile&quot;]}\">\n\t\t\t\t\t<div class=\"e-con-inner\">\n\t\t\t\t<div class=\"elementor-element elementor-element-1c9b7f32 elementor-widget elementor-widget-heading\" data-id=\"1c9b7f32\" data-element_type=\"widget\" data-e-type=\"widget\" data-widget_type=\"heading.default\">\n\t\t\t\t\t<h5 class=\"elementor-heading-title elementor-size-default\">PSS - Powszechna Sp\u00f3\u0142dzielnia Spo\u017cywc\u00f3w<\/h5>\t\t\t\t<\/div>\n\t\t\t\t<div class=\"elementor-element elementor-element-140beacf elementor-widget elementor-widget-heading\" data-id=\"140beacf\" data-element_type=\"widget\" data-e-type=\"widget\" data-widget_type=\"heading.default\">\n\t\t\t\t\t<h1 class=\"elementor-heading-title elementor-size-default\">P\u0142atno\u015bci kart\u0105<\/h1>\t\t\t\t<\/div>\n\t\t\t\t<div class=\"elementor-element elementor-element-22b310f4 elementor-widget elementor-widget-heading\" data-id=\"22b310f4\" data-element_type=\"widget\" data-e-type=\"widget\" data-widget_type=\"heading.default\">\n\t\t\t\t\t<h5 class=\"elementor-heading-title elementor-size-default\">Umo\u017cliwiamy p\u0142atno\u015b\u0107 kart\u0105 oraz us\u0142ug\u0119 cash back,<br>czyli wyp\u0142at\u0119 got\u00f3wki podczas zakup\u00f3w.<\/h5>\t\t\t\t<\/div>\n\t\t\t\t<div class=\"elementor-element elementor-element-2feac7db elementor-widget__width-auto elementor-align-right elementor-widget elementor-widget-button\" data-id=\"2feac7db\" data-element_type=\"widget\" data-e-type=\"widget\" data-widget_type=\"button.default\">\n\t\t\t\t\t\t\t\t\t\t<a class=\"elementor-button elementor-button-link elementor-size-sm\" href=\"#\">\n\t\t\t\t\t\t<span class=\"elementor-button-content-wrapper\">\n\t\t\t\t\t\t\t\t\t<span class=\"elementor-button-text\">Zapraszamy!<\/span>\n\t\t\t\t\t<\/span>\n\t\t\t\t\t<\/a>\n\t\t\t\t\t\t\t\t<\/div>\n\t\t\t\t\t<\/div>\n\t\t\t\t<\/div>\n\t\t<div class=\"elementor-element elementor-element-23254cbf e-flex e-con-boxed e-con e-parent\" data-id=\"23254cbf\" data-element_type=\"container\" data-e-type=\"container\">\n\t\t\t\t\t<div class=\"e-con-inner\">\n\t\t\t\t<div class=\"elementor-element elementor-element-1522b929 elementor-widget elementor-widget-home_page_section_v3_250\" data-id=\"1522b929\" data-element_type=\"widget\" data-e-type=\"widget\" data-widget_type=\"home_page_section_v3_250.default\">\n\t\t\t\t<div class=\"elementor-widget-container\">\n\t\t\t\t\t\t\t<div class=\"hps-250-container\">\r\n\t\t\t<div class=\"hps-250-row\">\r\n\t\t\t\t<div class=\"hps-250-col hps-250-images hps-250-images-left hps-250-single-image\">\r\n\t\t\t\t\t<div class=\"hps-250-img-wrapper hps-250-img-large\" data-scroll-speed=\"0.1\">\r\n\t\t\t\t\t\t<img decoding=\"async\" src=\"https:\/\/demopss.pl\/wp-content\/uploads\/2026\/04\/platnosc-karta-pss-busko-zdroj.webp\" alt=\"\">\r\n\t\t\t\t\t<\/div>\r\n\t\t\t\t\t\t\t\t\t<\/div>\r\n\t\t\t\t<div class=\"hps-250-col hps-250-content\">\r\n\t\t\t\t\t<h2 class=\"hps-250-heading\">P\u0142atno\u015bci kart\u0105<\/h2>\r\n\t\t\t\t\t<div class=\"hps-250-text\"><p>Us\u0142uga p\u0142atno\u015bci kart\u0105 p\u0142atnicz\u0105 umo\u017cliwia przyjmowanie w naszych plac\u00f3wkach handlowych p\u0142atno\u015bci kartami p\u0142atniczymi, a tak\u017ce skorzystania z us\u0142ugi cash back umo\u017cliwiaj\u0105cej wyp\u0142at\u0119 got\u00f3wki podczas realizacji transakcji sprzeda\u017cy z u\u017cyciem karty p\u0142atniczej.<\/p><p>Us\u0142ug\u0119 t\u0105 realizujemy we wszystkich naszych sklepach.<\/p><\/div>\r\n\t\t\t\t<\/div>\r\n\t\t\t<\/div>\r\n\t\t<\/div>\r\n\t\t\t\t\t\t<\/div>\n\t\t\t\t<\/div>\n\t\t\t\t\t<\/div>\n\t\t\t\t<\/div>\n\t\t\t\t<\/div>\n\t\t","protected":false},"excerpt":{"rendered":"<p>PSS &#8211; Powszechna Sp\u00f3\u0142dzielnia Spo\u017cywc\u00f3w P\u0142atno\u015bci kart\u0105 Umo\u017cliwiamy p\u0142atno\u015b\u0107 kart\u0105 oraz us\u0142ug\u0119 cash back,czyli wyp\u0142at\u0119 got\u00f3wki podczas zakup\u00f3w. Zapraszamy! P\u0142atno\u015bci kart\u0105 Us\u0142uga p\u0142atno\u015bci kart\u0105 p\u0142atnicz\u0105 umo\u017cliwia przyjmowanie w naszych plac\u00f3wkach handlowych p\u0142atno\u015bci kartami p\u0142atniczymi, a tak\u017ce skorzystania z us\u0142ugi cash back umo\u017cliwiaj\u0105cej wyp\u0142at\u0119 got\u00f3wki podczas realizacji transakcji sprzeda\u017cy z u\u017cyciem karty p\u0142atniczej. Us\u0142ug\u0119 t\u0105 realizujemy [&hellip;]<\/p>\n","protected":false},"author":1,"featured_media":0,"parent":0,"menu_order":0,"comment_status":"closed","ping_status":"closed","template":"","meta":{"_angie_page":false,"footnotes":""},"class_list":["post-445","page","type-page","status-publish","hentry"],"_links":{"self":[{"href":"https:\/\/demopss.pl\/index.php?rest_route=\/wp\/v2\/pages\/445","targetHints":{"allow":["GET"]}}],"collection":[{"href":"https:\/\/demopss.pl\/index.php?rest_route=\/wp\/v2\/pages"}],"about":[{"href":"https:\/\/demopss.pl\/index.php?rest_route=\/wp\/v2\/types\/page"}],"author":[{"embeddable":true,"href":"https:\/\/demopss.pl\/index.php?rest_route=\/wp\/v2\/users\/1"}],"replies":[{"embeddable":true,"href":"https:\/\/demopss.pl\/index.php?rest_route=%2Fwp%2Fv2%2Fcomments&post=445"}],"version-history":[{"count":7,"href":"https:\/\/demopss.pl\/index.php?rest_route=\/wp\/v2\/pages\/445\/revisions"}],"predecessor-version":[{"id":602,"href":"https:\/\/demopss.pl\/index.php?rest_route=\/wp\/v2\/pages\/445\/revisions\/602"}],"wp:attachment":[{"href":"https:\/\/demopss.pl\/index.php?rest_route=%2Fwp%2Fv2%2Fmedia&parent=445"}],"curies":[{"name":"wp","href":"https:\/\/api.w.org\/{rel}","templated":true}]}}