{"id":441,"date":"2026-04-16T08:33:48","date_gmt":"2026-04-16T08:33:48","guid":{"rendered":"https:\/\/demopss.pl\/?page_id=441"},"modified":"2026-04-16T10:58:04","modified_gmt":"2026-04-16T10:58:04","slug":"moje-rachunki","status":"publish","type":"page","link":"https:\/\/demopss.pl\/?page_id=441","title":{"rendered":"Moje rachunki"},"content":{"rendered":"\t\t<div data-elementor-type=\"wp-page\" data-elementor-id=\"441\" class=\"elementor elementor-441\" data-elementor-post-type=\"page\">\n\t\t\t\t<div class=\"elementor-element elementor-element-244f2e1f e-flex e-con-boxed elementor-invisible e-con e-parent\" data-id=\"244f2e1f\" data-element_type=\"container\" data-e-type=\"container\" data-settings=\"{&quot;background_background&quot;:&quot;classic&quot;,&quot;background_motion_fx_motion_fx_scrolling&quot;:&quot;yes&quot;,&quot;background_motion_fx_translateY_effect&quot;:&quot;yes&quot;,&quot;animation&quot;:&quot;fadeIn&quot;,&quot;background_motion_fx_translateY_speed&quot;:{&quot;unit&quot;:&quot;px&quot;,&quot;size&quot;:4,&quot;sizes&quot;:[]},&quot;background_motion_fx_translateY_affectedRange&quot;:{&quot;unit&quot;:&quot;%&quot;,&quot;size&quot;:&quot;&quot;,&quot;sizes&quot;:{&quot;start&quot;:0,&quot;end&quot;:100}},&quot;background_motion_fx_devices&quot;:[&quot;desktop&quot;,&quot;tablet&quot;,&quot;mobile&quot;]}\">\n\t\t\t\t\t<div class=\"e-con-inner\">\n\t\t\t\t<div class=\"elementor-element elementor-element-2cc93a13 elementor-widget elementor-widget-heading\" data-id=\"2cc93a13\" data-element_type=\"widget\" data-e-type=\"widget\" data-widget_type=\"heading.default\">\n\t\t\t\t\t<h5 class=\"elementor-heading-title elementor-size-default\">PSS - Powszechna Sp\u00f3\u0142dzielnia Spo\u017cywc\u00f3w<\/h5>\t\t\t\t<\/div>\n\t\t\t\t<div class=\"elementor-element elementor-element-6b765d98 elementor-widget elementor-widget-heading\" data-id=\"6b765d98\" data-element_type=\"widget\" data-e-type=\"widget\" data-widget_type=\"heading.default\">\n\t\t\t\t\t<h1 class=\"elementor-heading-title elementor-size-default\">Moje Rachunki<\/h1>\t\t\t\t<\/div>\n\t\t\t\t<div class=\"elementor-element elementor-element-23eb25e elementor-widget elementor-widget-heading\" data-id=\"23eb25e\" data-element_type=\"widget\" data-e-type=\"widget\" data-widget_type=\"heading.default\">\n\t\t\t\t\t<h5 class=\"elementor-heading-title elementor-size-default\">Tradycyjne formy p\u0142atno\u015bci ust\u0119puj\u0105 miejsca elektronicznym transakcjom, dla kt\u00f3rych bezpiecze\u0144stwo operacji finansowych jest kwesti\u0105 najwa\u017cniejsz\u0105.<\/h5>\t\t\t\t<\/div>\n\t\t\t\t<div class=\"elementor-element elementor-element-6768f55e elementor-widget__width-auto elementor-align-right elementor-widget elementor-widget-button\" data-id=\"6768f55e\" data-element_type=\"widget\" data-e-type=\"widget\" data-widget_type=\"button.default\">\n\t\t\t\t\t\t\t\t\t\t<a class=\"elementor-button elementor-button-link elementor-size-sm\" href=\"#\">\n\t\t\t\t\t\t<span class=\"elementor-button-content-wrapper\">\n\t\t\t\t\t\t\t\t\t<span class=\"elementor-button-text\">Zapraszamy!<\/span>\n\t\t\t\t\t<\/span>\n\t\t\t\t\t<\/a>\n\t\t\t\t\t\t\t\t<\/div>\n\t\t\t\t\t<\/div>\n\t\t\t\t<\/div>\n\t\t<div class=\"elementor-element elementor-element-2f9e5895 e-flex e-con-boxed e-con e-parent\" data-id=\"2f9e5895\" data-element_type=\"container\" data-e-type=\"container\">\n\t\t\t\t\t<div class=\"e-con-inner\">\n\t\t\t\t<div class=\"elementor-element elementor-element-21b8662c elementor-widget elementor-widget-home_page_section_v3_250\" data-id=\"21b8662c\" data-element_type=\"widget\" data-e-type=\"widget\" data-widget_type=\"home_page_section_v3_250.default\">\n\t\t\t\t<div class=\"elementor-widget-container\">\n\t\t\t\t\t\t\t<div class=\"hps-250-container\">\r\n\t\t\t<div class=\"hps-250-row\">\r\n\t\t\t\t<div class=\"hps-250-col hps-250-images hps-250-images-left hps-250-single-image\">\r\n\t\t\t\t\t<div class=\"hps-250-img-wrapper hps-250-img-large\" data-scroll-speed=\"0.1\">\r\n\t\t\t\t\t\t<img decoding=\"async\" src=\"https:\/\/demopss.pl\/wp-content\/uploads\/2026\/04\/moje-rachunki-pieniadze-pss-busko-zdroj-kasa.webp\" alt=\"\">\r\n\t\t\t\t\t<\/div>\r\n\t\t\t\t\t\t\t\t\t<\/div>\r\n\t\t\t\t<div class=\"hps-250-col hps-250-content\">\r\n\t\t\t\t\t<h2 class=\"hps-250-heading\">Moje Rachunki<\/h2>\r\n\t\t\t\t\t<div class=\"hps-250-text\"><p><strong>Tradycyjne formy p\u0142atno\u015bci ust\u0119puj\u0105 miejsca elektronicznym transakcjom, dla kt\u00f3rych bezpiecze\u0144stwo operacji finansowych jest kwesti\u0105 najwa\u017cniejsz\u0105. Poprzez sie\u0107 naszych sklep\u00f3w mog\u0105 Pa\u0144stwo op\u0142aca\u0107 rachunki od tych najbardziej rozpowszechnionych, jak rachunek za pr\u0105d czy gaz, rachunki za telefony stacjonarne i kom\u00f3rkowe.<\/strong><\/p><p>Us\u0142uga \u2013 Moje Rachunki to alternatywny dla poczty i banku, tani i wygodny spos\u00f3b na zap\u0142acenie domowych rachunk\u00f3w. Nie musz\u0105 Pa\u0144stwo sta\u0107 w dodatkowych kolejkach kilka razy w miesi\u0105cu, teraz mo\u017cna uregulowa\u0107 rachunki w sklepach \u201eSpo\u0142em\u201d przy okazji codziennych zakup\u00f3w.<\/p><p>Us\u0142ug\u0119 t\u0105 realizujemy we wszystkich naszych sklepach.<\/p><\/div>\r\n\t\t\t\t<\/div>\r\n\t\t\t<\/div>\r\n\t\t<\/div>\r\n\t\t\t\t\t\t<\/div>\n\t\t\t\t<\/div>\n\t\t\t\t\t<\/div>\n\t\t\t\t<\/div>\n\t\t\t\t<\/div>\n\t\t","protected":false},"excerpt":{"rendered":"<p>PSS &#8211; Powszechna Sp\u00f3\u0142dzielnia Spo\u017cywc\u00f3w Moje Rachunki Tradycyjne formy p\u0142atno\u015bci ust\u0119puj\u0105 miejsca elektronicznym transakcjom, dla kt\u00f3rych bezpiecze\u0144stwo operacji finansowych jest kwesti\u0105 najwa\u017cniejsz\u0105. Zapraszamy! Moje Rachunki Tradycyjne formy p\u0142atno\u015bci ust\u0119puj\u0105 miejsca elektronicznym transakcjom, dla kt\u00f3rych bezpiecze\u0144stwo operacji finansowych jest kwesti\u0105 najwa\u017cniejsz\u0105. Poprzez sie\u0107 naszych sklep\u00f3w mog\u0105 Pa\u0144stwo op\u0142aca\u0107 rachunki od tych najbardziej rozpowszechnionych, jak rachunek za [&hellip;]<\/p>\n","protected":false},"author":1,"featured_media":0,"parent":0,"menu_order":0,"comment_status":"closed","ping_status":"closed","template":"","meta":{"_angie_page":false,"footnotes":""},"class_list":["post-441","page","type-page","status-publish","hentry"],"_links":{"self":[{"href":"https:\/\/demopss.pl\/index.php?rest_route=\/wp\/v2\/pages\/441","targetHints":{"allow":["GET"]}}],"collection":[{"href":"https:\/\/demopss.pl\/index.php?rest_route=\/wp\/v2\/pages"}],"about":[{"href":"https:\/\/demopss.pl\/index.php?rest_route=\/wp\/v2\/types\/page"}],"author":[{"embeddable":true,"href":"https:\/\/demopss.pl\/index.php?rest_route=\/wp\/v2\/users\/1"}],"replies":[{"embeddable":true,"href":"https:\/\/demopss.pl\/index.php?rest_route=%2Fwp%2Fv2%2Fcomments&post=441"}],"version-history":[{"count":7,"href":"https:\/\/demopss.pl\/index.php?rest_route=\/wp\/v2\/pages\/441\/revisions"}],"predecessor-version":[{"id":630,"href":"https:\/\/demopss.pl\/index.php?rest_route=\/wp\/v2\/pages\/441\/revisions\/630"}],"wp:attachment":[{"href":"https:\/\/demopss.pl\/index.php?rest_route=%2Fwp%2Fv2%2Fmedia&parent=441"}],"curies":[{"name":"wp","href":"https:\/\/api.w.org\/{rel}","templated":true}]}}