{"id":437,"date":"2026-04-16T08:33:48","date_gmt":"2026-04-16T08:33:48","guid":{"rendered":"https:\/\/demopss.pl\/?page_id=437"},"modified":"2026-04-16T10:44:26","modified_gmt":"2026-04-16T10:44:26","slug":"cash-back","status":"publish","type":"page","link":"https:\/\/demopss.pl\/?page_id=437","title":{"rendered":"Cash Back"},"content":{"rendered":"\t\t<div data-elementor-type=\"wp-page\" data-elementor-id=\"437\" class=\"elementor elementor-437\" data-elementor-post-type=\"page\">\n\t\t\t\t<div class=\"elementor-element elementor-element-552ece58 e-flex e-con-boxed elementor-invisible e-con e-parent\" data-id=\"552ece58\" data-element_type=\"container\" data-e-type=\"container\" data-settings=\"{&quot;background_background&quot;:&quot;classic&quot;,&quot;background_motion_fx_motion_fx_scrolling&quot;:&quot;yes&quot;,&quot;background_motion_fx_translateY_effect&quot;:&quot;yes&quot;,&quot;animation&quot;:&quot;fadeIn&quot;,&quot;background_motion_fx_translateY_speed&quot;:{&quot;unit&quot;:&quot;px&quot;,&quot;size&quot;:4,&quot;sizes&quot;:[]},&quot;background_motion_fx_translateY_affectedRange&quot;:{&quot;unit&quot;:&quot;%&quot;,&quot;size&quot;:&quot;&quot;,&quot;sizes&quot;:{&quot;start&quot;:0,&quot;end&quot;:100}},&quot;background_motion_fx_devices&quot;:[&quot;desktop&quot;,&quot;tablet&quot;,&quot;mobile&quot;]}\">\n\t\t\t\t\t<div class=\"e-con-inner\">\n\t\t\t\t<div class=\"elementor-element elementor-element-2506d567 elementor-widget elementor-widget-heading\" data-id=\"2506d567\" data-element_type=\"widget\" data-e-type=\"widget\" data-widget_type=\"heading.default\">\n\t\t\t\t\t<h5 class=\"elementor-heading-title elementor-size-default\">PSS - Powszechna Sp\u00f3\u0142dzielnia Spo\u017cywc\u00f3w<\/h5>\t\t\t\t<\/div>\n\t\t\t\t<div class=\"elementor-element elementor-element-44cd21c8 elementor-widget elementor-widget-heading\" data-id=\"44cd21c8\" data-element_type=\"widget\" data-e-type=\"widget\" data-widget_type=\"heading.default\">\n\t\t\t\t\t<h1 class=\"elementor-heading-title elementor-size-default\">Cash Back<\/h1>\t\t\t\t<\/div>\n\t\t\t\t<div class=\"elementor-element elementor-element-24be7501 elementor-widget elementor-widget-heading\" data-id=\"24be7501\" data-element_type=\"widget\" data-e-type=\"widget\" data-widget_type=\"heading.default\">\n\t\t\t\t\t<h5 class=\"elementor-heading-title elementor-size-default\">Cash back - to us\u0142uga dzi\u0119ki kt\u00f3rej posiadacz karty p\u0142atniczej mo\u017ce wyp\u0142aci\u0107 got\u00f3wk\u0119 podczas dokonywania zakup\u00f3w w sklepie. Transakcja mo\u017ce by\u0107 przeprowadzona jedynie \u0142\u0105cznie z p\u0142atno\u015bci\u0105 kart\u0105 za towar. <\/h5>\t\t\t\t<\/div>\n\t\t\t\t<div class=\"elementor-element elementor-element-678b8ce5 elementor-widget__width-auto elementor-align-right elementor-widget elementor-widget-button\" data-id=\"678b8ce5\" data-element_type=\"widget\" data-e-type=\"widget\" data-widget_type=\"button.default\">\n\t\t\t\t\t\t\t\t\t\t<a class=\"elementor-button elementor-button-link elementor-size-sm\" href=\"#\">\n\t\t\t\t\t\t<span class=\"elementor-button-content-wrapper\">\n\t\t\t\t\t\t\t\t\t<span class=\"elementor-button-text\">Zapraszamy!<\/span>\n\t\t\t\t\t<\/span>\n\t\t\t\t\t<\/a>\n\t\t\t\t\t\t\t\t<\/div>\n\t\t\t\t\t<\/div>\n\t\t\t\t<\/div>\n\t\t<div class=\"elementor-element elementor-element-758af924 e-flex e-con-boxed e-con e-parent\" data-id=\"758af924\" data-element_type=\"container\" data-e-type=\"container\">\n\t\t\t\t\t<div class=\"e-con-inner\">\n\t\t\t\t<div class=\"elementor-element elementor-element-6fe7e0f0 elementor-widget elementor-widget-home_page_section_v3_250\" data-id=\"6fe7e0f0\" data-element_type=\"widget\" data-e-type=\"widget\" data-widget_type=\"home_page_section_v3_250.default\">\n\t\t\t\t<div class=\"elementor-widget-container\">\n\t\t\t\t\t\t\t<div class=\"hps-250-container\">\r\n\t\t\t<div class=\"hps-250-row\">\r\n\t\t\t\t<div class=\"hps-250-col hps-250-images hps-250-images-left hps-250-single-image\">\r\n\t\t\t\t\t<div class=\"hps-250-img-wrapper hps-250-img-large\" data-scroll-speed=\"0.1\">\r\n\t\t\t\t\t\t<img decoding=\"async\" src=\"https:\/\/demopss.pl\/wp-content\/uploads\/2026\/04\/cashback-pss-busko-zdroj.webp\" alt=\"\">\r\n\t\t\t\t\t<\/div>\r\n\t\t\t\t\t\t\t\t\t<\/div>\r\n\t\t\t\t<div class=\"hps-250-col hps-250-content\">\r\n\t\t\t\t\t<h2 class=\"hps-250-heading\">Cash Back<\/h2>\r\n\t\t\t\t\t<div class=\"hps-250-text\"><p>Cash back - to us\u0142uga dzi\u0119ki kt\u00f3rej posiadacz karty p\u0142atniczej mo\u017ce wyp\u0142aci\u0107 got\u00f3wk\u0119 podczas dokonywania zakup\u00f3w w sklepie. Transakcja mo\u017ce by\u0107 przeprowadzona jedynie \u0142\u0105cznie z p\u0142atno\u015bci\u0105 kart\u0105 za towar.<\/p><p>Przy zakupie klient musi zg\u0142osi\u0107 ch\u0119\u0107 wyp\u0142acenia dodatkowej kwoty. Klient mo\u017ce przy jednej transakcji pobra\u0107 maksymalnie 200z\u0142. Zalet\u0105 tej us\u0142ugi jest: wygodny spos\u00f3b na wyp\u0142at\u0119 got\u00f3wki z rachunku bankowego bez konieczno\u015bci szukania bankomatu wi\u0119kszy dost\u0119p do swoich pieni\u0119dzy, poprzez sie\u0107 punkt\u00f3w handlowo-us\u0142ugowych, w kt\u00f3rych mo\u017cesz wyp\u0142aca\u0107 got\u00f3wk\u0119 oszcz\u0119dno\u015b\u0107 czasu - w jednym miejscu dokonujesz zakupu oraz wyp\u0142acasz potrzebne Ci \u015brodki prostota - transakcja przeprowadzana jest na terminalu przez sprzedawc\u0119, a klient jedynie podpisuje wydruk lub zatwierdza transakcje kodem pin.<\/p><p>Us\u0142ug\u0119 t\u0105 realizujemy we wszystkich naszych sklepach.<\/p><\/div>\r\n\t\t\t\t<\/div>\r\n\t\t\t<\/div>\r\n\t\t<\/div>\r\n\t\t\t\t\t\t<\/div>\n\t\t\t\t<\/div>\n\t\t\t\t\t<\/div>\n\t\t\t\t<\/div>\n\t\t\t\t<\/div>\n\t\t","protected":false},"excerpt":{"rendered":"<p>PSS &#8211; Powszechna Sp\u00f3\u0142dzielnia Spo\u017cywc\u00f3w Cash Back Cash back &#8211; to us\u0142uga dzi\u0119ki kt\u00f3rej posiadacz karty p\u0142atniczej mo\u017ce wyp\u0142aci\u0107 got\u00f3wk\u0119 podczas dokonywania zakup\u00f3w w sklepie. Transakcja mo\u017ce by\u0107 przeprowadzona jedynie \u0142\u0105cznie z p\u0142atno\u015bci\u0105 kart\u0105 za towar. Zapraszamy! Cash Back Cash back &#8211; to us\u0142uga dzi\u0119ki kt\u00f3rej posiadacz karty p\u0142atniczej mo\u017ce wyp\u0142aci\u0107 got\u00f3wk\u0119 podczas dokonywania zakup\u00f3w [&hellip;]<\/p>\n","protected":false},"author":1,"featured_media":0,"parent":0,"menu_order":0,"comment_status":"closed","ping_status":"closed","template":"","meta":{"_angie_page":false,"footnotes":""},"class_list":["post-437","page","type-page","status-publish","hentry"],"_links":{"self":[{"href":"https:\/\/demopss.pl\/index.php?rest_route=\/wp\/v2\/pages\/437","targetHints":{"allow":["GET"]}}],"collection":[{"href":"https:\/\/demopss.pl\/index.php?rest_route=\/wp\/v2\/pages"}],"about":[{"href":"https:\/\/demopss.pl\/index.php?rest_route=\/wp\/v2\/types\/page"}],"author":[{"embeddable":true,"href":"https:\/\/demopss.pl\/index.php?rest_route=\/wp\/v2\/users\/1"}],"replies":[{"embeddable":true,"href":"https:\/\/demopss.pl\/index.php?rest_route=%2Fwp%2Fv2%2Fcomments&post=437"}],"version-history":[{"count":7,"href":"https:\/\/demopss.pl\/index.php?rest_route=\/wp\/v2\/pages\/437\/revisions"}],"predecessor-version":[{"id":580,"href":"https:\/\/demopss.pl\/index.php?rest_route=\/wp\/v2\/pages\/437\/revisions\/580"}],"wp:attachment":[{"href":"https:\/\/demopss.pl\/index.php?rest_route=%2Fwp%2Fv2%2Fmedia&parent=437"}],"curies":[{"name":"wp","href":"https:\/\/api.w.org\/{rel}","templated":true}]}}