{"id":432,"date":"2026-04-16T08:33:47","date_gmt":"2026-04-16T08:33:47","guid":{"rendered":"https:\/\/demopss.pl\/?page_id=432"},"modified":"2026-04-16T10:57:19","modified_gmt":"2026-04-16T10:57:19","slug":"loteria-lotto","status":"publish","type":"page","link":"https:\/\/demopss.pl\/?page_id=432","title":{"rendered":"Loteria LOTTO"},"content":{"rendered":"\t\t<div data-elementor-type=\"wp-page\" data-elementor-id=\"432\" class=\"elementor elementor-432\" data-elementor-post-type=\"page\">\n\t\t\t\t<div class=\"elementor-element elementor-element-723026a2 e-flex e-con-boxed elementor-invisible e-con e-parent\" data-id=\"723026a2\" data-element_type=\"container\" data-e-type=\"container\" data-settings=\"{&quot;background_background&quot;:&quot;classic&quot;,&quot;background_motion_fx_motion_fx_scrolling&quot;:&quot;yes&quot;,&quot;background_motion_fx_translateY_effect&quot;:&quot;yes&quot;,&quot;animation&quot;:&quot;fadeIn&quot;,&quot;background_motion_fx_translateY_speed&quot;:{&quot;unit&quot;:&quot;px&quot;,&quot;size&quot;:4,&quot;sizes&quot;:[]},&quot;background_motion_fx_translateY_affectedRange&quot;:{&quot;unit&quot;:&quot;%&quot;,&quot;size&quot;:&quot;&quot;,&quot;sizes&quot;:{&quot;start&quot;:0,&quot;end&quot;:100}},&quot;background_motion_fx_devices&quot;:[&quot;desktop&quot;,&quot;tablet&quot;,&quot;mobile&quot;]}\">\n\t\t\t\t\t<div class=\"e-con-inner\">\n\t\t\t\t<div class=\"elementor-element elementor-element-17fd91ce elementor-widget elementor-widget-heading\" data-id=\"17fd91ce\" data-element_type=\"widget\" data-e-type=\"widget\" data-widget_type=\"heading.default\">\n\t\t\t\t\t<h5 class=\"elementor-heading-title elementor-size-default\">PSS - Powszechna Sp\u00f3\u0142dzielnia Spo\u017cywc\u00f3w<\/h5>\t\t\t\t<\/div>\n\t\t\t\t<div class=\"elementor-element elementor-element-6b06d784 elementor-widget elementor-widget-heading\" data-id=\"6b06d784\" data-element_type=\"widget\" data-e-type=\"widget\" data-widget_type=\"heading.default\">\n\t\t\t\t\t<h1 class=\"elementor-heading-title elementor-size-default\">Loteria LOTTO<\/h1>\t\t\t\t<\/div>\n\t\t\t\t<div class=\"elementor-element elementor-element-d57322c elementor-widget elementor-widget-heading\" data-id=\"d57322c\" data-element_type=\"widget\" data-e-type=\"widget\" data-widget_type=\"heading.default\">\n\t\t\t\t\t<h5 class=\"elementor-heading-title elementor-size-default\">Spe\u0142nij swoje marzenia i spr\u00f3buj szcz\u0119\u015bcia \u2013 wy\u015blij Lotka w naszych sklepach Spo\u0142em!<\/h5>\t\t\t\t<\/div>\n\t\t\t\t<div class=\"elementor-element elementor-element-1607c07d elementor-widget__width-auto elementor-align-right elementor-widget elementor-widget-button\" data-id=\"1607c07d\" data-element_type=\"widget\" data-e-type=\"widget\" data-widget_type=\"button.default\">\n\t\t\t\t\t\t\t\t\t\t<a class=\"elementor-button elementor-button-link elementor-size-sm\" href=\"#\">\n\t\t\t\t\t\t<span class=\"elementor-button-content-wrapper\">\n\t\t\t\t\t\t\t\t\t<span class=\"elementor-button-text\">Zapraszamy!<\/span>\n\t\t\t\t\t<\/span>\n\t\t\t\t\t<\/a>\n\t\t\t\t\t\t\t\t<\/div>\n\t\t\t\t\t<\/div>\n\t\t\t\t<\/div>\n\t\t<div class=\"elementor-element elementor-element-37f744f7 e-flex e-con-boxed e-con e-parent\" data-id=\"37f744f7\" data-element_type=\"container\" data-e-type=\"container\">\n\t\t\t\t\t<div class=\"e-con-inner\">\n\t\t\t\t<div class=\"elementor-element elementor-element-635ad576 elementor-widget elementor-widget-home_page_section_v3_250\" data-id=\"635ad576\" data-element_type=\"widget\" data-e-type=\"widget\" data-widget_type=\"home_page_section_v3_250.default\">\n\t\t\t\t<div class=\"elementor-widget-container\">\n\t\t\t\t\t\t\t<div class=\"hps-250-container\">\r\n\t\t\t<div class=\"hps-250-row\">\r\n\t\t\t\t<div class=\"hps-250-col hps-250-images hps-250-images-left hps-250-single-image\">\r\n\t\t\t\t\t<div class=\"hps-250-img-wrapper hps-250-img-large\" data-scroll-speed=\"0.1\">\r\n\t\t\t\t\t\t<img decoding=\"async\" src=\"https:\/\/demopss.pl\/wp-content\/uploads\/2026\/04\/lotto-loteria-pss-busko-zdroj-logo.webp\" alt=\"\">\r\n\t\t\t\t\t<\/div>\r\n\t\t\t\t\t\t\t\t\t<\/div>\r\n\t\t\t\t<div class=\"hps-250-col hps-250-content\">\r\n\t\t\t\t\t<h2 class=\"hps-250-heading\">Loteria LOTTO<\/h2>\r\n\t\t\t\t\t<div class=\"hps-250-text\"><p><strong>Spe\u0142nij swoje marzenia i spr\u00f3buj szcz\u0119\u015bcia \u2013 wy\u015blij Lotka w naszych sklepach Spo\u0142em! W wybranych plac\u00f3wkach mo\u017cesz szybko i wygodnie zagra\u0107, \u0142\u0105cz\u0105c codzienne zakupy z szans\u0105 na wygran\u0105. Zapraszamy do odwiedzenia naszych sklep\u00f3w i skorzystania z tej mo\u017cliwo\u015bci.<\/strong><\/p><p>Us\u0142ug\u0119 t\u0105 realizujemy we wszystkich naszych sklepach.<\/p><\/div>\r\n\t\t\t\t<\/div>\r\n\t\t\t<\/div>\r\n\t\t<\/div>\r\n\t\t\t\t\t\t<\/div>\n\t\t\t\t<\/div>\n\t\t\t\t\t<\/div>\n\t\t\t\t<\/div>\n\t\t\t\t<\/div>\n\t\t","protected":false},"excerpt":{"rendered":"<p>PSS &#8211; Powszechna Sp\u00f3\u0142dzielnia Spo\u017cywc\u00f3w Loteria LOTTO Spe\u0142nij swoje marzenia i spr\u00f3buj szcz\u0119\u015bcia \u2013 wy\u015blij Lotka w naszych sklepach Spo\u0142em! Zapraszamy! Loteria LOTTO Spe\u0142nij swoje marzenia i spr\u00f3buj szcz\u0119\u015bcia \u2013 wy\u015blij Lotka w naszych sklepach Spo\u0142em! W wybranych plac\u00f3wkach mo\u017cesz szybko i wygodnie zagra\u0107, \u0142\u0105cz\u0105c codzienne zakupy z szans\u0105 na wygran\u0105. Zapraszamy do odwiedzenia naszych [&hellip;]<\/p>\n","protected":false},"author":1,"featured_media":0,"parent":0,"menu_order":0,"comment_status":"closed","ping_status":"closed","template":"","meta":{"_angie_page":false,"footnotes":""},"class_list":["post-432","page","type-page","status-publish","hentry"],"_links":{"self":[{"href":"https:\/\/demopss.pl\/index.php?rest_route=\/wp\/v2\/pages\/432","targetHints":{"allow":["GET"]}}],"collection":[{"href":"https:\/\/demopss.pl\/index.php?rest_route=\/wp\/v2\/pages"}],"about":[{"href":"https:\/\/demopss.pl\/index.php?rest_route=\/wp\/v2\/types\/page"}],"author":[{"embeddable":true,"href":"https:\/\/demopss.pl\/index.php?rest_route=\/wp\/v2\/users\/1"}],"replies":[{"embeddable":true,"href":"https:\/\/demopss.pl\/index.php?rest_route=%2Fwp%2Fv2%2Fcomments&post=432"}],"version-history":[{"count":10,"href":"https:\/\/demopss.pl\/index.php?rest_route=\/wp\/v2\/pages\/432\/revisions"}],"predecessor-version":[{"id":624,"href":"https:\/\/demopss.pl\/index.php?rest_route=\/wp\/v2\/pages\/432\/revisions\/624"}],"wp:attachment":[{"href":"https:\/\/demopss.pl\/index.php?rest_route=%2Fwp%2Fv2%2Fmedia&parent=432"}],"curies":[{"name":"wp","href":"https:\/\/api.w.org\/{rel}","templated":true}]}}