{"id":422,"date":"2026-04-16T08:33:46","date_gmt":"2026-04-16T08:33:46","guid":{"rendered":"https:\/\/demopss.pl\/?page_id=422"},"modified":"2026-04-16T11:03:51","modified_gmt":"2026-04-16T11:03:51","slug":"spolem-znaczy-razem","status":"publish","type":"page","link":"https:\/\/demopss.pl\/?page_id=422","title":{"rendered":"Spo\u0142em Znaczy Razem"},"content":{"rendered":"\t\t<div data-elementor-type=\"wp-page\" data-elementor-id=\"422\" class=\"elementor elementor-422\" data-elementor-post-type=\"page\">\n\t\t\t\t<div class=\"elementor-element elementor-element-506f2b12 e-flex e-con-boxed elementor-invisible e-con e-parent\" data-id=\"506f2b12\" data-element_type=\"container\" data-e-type=\"container\" data-settings=\"{&quot;background_background&quot;:&quot;classic&quot;,&quot;background_motion_fx_motion_fx_scrolling&quot;:&quot;yes&quot;,&quot;background_motion_fx_translateY_effect&quot;:&quot;yes&quot;,&quot;animation&quot;:&quot;fadeIn&quot;,&quot;background_motion_fx_translateY_speed&quot;:{&quot;unit&quot;:&quot;px&quot;,&quot;size&quot;:4,&quot;sizes&quot;:[]},&quot;background_motion_fx_translateY_affectedRange&quot;:{&quot;unit&quot;:&quot;%&quot;,&quot;size&quot;:&quot;&quot;,&quot;sizes&quot;:{&quot;start&quot;:0,&quot;end&quot;:100}},&quot;background_motion_fx_devices&quot;:[&quot;desktop&quot;,&quot;tablet&quot;,&quot;mobile&quot;]}\">\n\t\t\t\t\t<div class=\"e-con-inner\">\n\t\t\t\t<div class=\"elementor-element elementor-element-4aef7030 elementor-widget elementor-widget-heading\" data-id=\"4aef7030\" data-element_type=\"widget\" data-e-type=\"widget\" data-widget_type=\"heading.default\">\n\t\t\t\t\t<h5 class=\"elementor-heading-title elementor-size-default\">PSS - Powszechna Sp\u00f3\u0142dzielnia Spo\u017cywc\u00f3w<\/h5>\t\t\t\t<\/div>\n\t\t\t\t<div class=\"elementor-element elementor-element-556bb955 elementor-widget elementor-widget-heading\" data-id=\"556bb955\" data-element_type=\"widget\" data-e-type=\"widget\" data-widget_type=\"heading.default\">\n\t\t\t\t\t<h1 class=\"elementor-heading-title elementor-size-default\">SPO\u0141EM Znaczy Razem<\/h1>\t\t\t\t<\/div>\n\t\t\t\t<div class=\"elementor-element elementor-element-3804548e elementor-widget elementor-widget-heading\" data-id=\"3804548e\" data-element_type=\"widget\" data-e-type=\"widget\" data-widget_type=\"heading.default\">\n\t\t\t\t\t<h5 class=\"elementor-heading-title elementor-size-default\">Program \u201eSpo\u0142em znaczy razem\u201d to inicjatywa lojalno\u015bciowa skierowana do klient\u00f3w sklep\u00f3w Spo\u0142em w ca\u0142ej Polsce.<\/h5>\t\t\t\t<\/div>\n\t\t\t\t<div class=\"elementor-element elementor-element-12ee549a elementor-widget__width-auto elementor-align-right elementor-widget elementor-widget-button\" data-id=\"12ee549a\" data-element_type=\"widget\" data-e-type=\"widget\" data-widget_type=\"button.default\">\n\t\t\t\t\t\t\t\t\t\t<a class=\"elementor-button elementor-button-link elementor-size-sm\" href=\"#\">\n\t\t\t\t\t\t<span class=\"elementor-button-content-wrapper\">\n\t\t\t\t\t\t\t\t\t<span class=\"elementor-button-text\">Zapraszamy!<\/span>\n\t\t\t\t\t<\/span>\n\t\t\t\t\t<\/a>\n\t\t\t\t\t\t\t\t<\/div>\n\t\t\t\t\t<\/div>\n\t\t\t\t<\/div>\n\t\t<div class=\"elementor-element elementor-element-c0422db e-flex e-con-boxed e-con e-parent\" data-id=\"c0422db\" data-element_type=\"container\" data-e-type=\"container\">\n\t\t\t\t\t<div class=\"e-con-inner\">\n\t\t\t\t<div class=\"elementor-element elementor-element-74843358 elementor-widget elementor-widget-home_page_section_v3_250\" data-id=\"74843358\" data-element_type=\"widget\" data-e-type=\"widget\" data-widget_type=\"home_page_section_v3_250.default\">\n\t\t\t\t<div class=\"elementor-widget-container\">\n\t\t\t\t\t\t\t<div class=\"hps-250-container\">\r\n\t\t\t<div class=\"hps-250-row\">\r\n\t\t\t\t<div class=\"hps-250-col hps-250-images hps-250-images-left hps-250-single-image\">\r\n\t\t\t\t\t<div class=\"hps-250-img-wrapper hps-250-img-large\" data-scroll-speed=\"0.1\">\r\n\t\t\t\t\t\t<img decoding=\"async\" src=\"https:\/\/demopss.pl\/wp-content\/uploads\/2026\/04\/spolem-znaczy-razem-pss-busko-zdroj.webp\" alt=\"\">\r\n\t\t\t\t\t<\/div>\r\n\t\t\t\t\t\t\t\t\t<\/div>\r\n\t\t\t\t<div class=\"hps-250-col hps-250-content\">\r\n\t\t\t\t\t<h2 class=\"hps-250-heading\">SPO\u0141EM Znaczy Razem<\/h2>\r\n\t\t\t\t\t<div class=\"hps-250-text\"><p><strong>Celem programu \u201eSpo\u0142em znaczy razem\u201d jest budowanie trwa\u0142ych relacji z klientami poprzez oferowanie dodatkowych korzy\u015bci podczas codziennych zakup\u00f3w. Uczestnicy mog\u0105 korzysta\u0107 ze specjalnych promocji, rabat\u00f3w oraz ofert dedykowanych posiadaczom karty lojalno\u015bciowej.<\/strong><\/p>\n<p>Program podkre\u015bla warto\u015bci sp\u00f3\u0142dzielczo\u015bci, takie jak wsp\u00f3\u0142praca, zaufanie i lokalno\u015b\u0107, jednocze\u015bnie wzmacniaj\u0105c wi\u0119\u017a mi\u0119dzy klientami a sieci\u0105 sklep\u00f3w Spo\u0142em w ca\u0142ym kraju.<\/p><\/div>\r\n\t\t\t\t<\/div>\r\n\t\t\t<\/div>\r\n\t\t<\/div>\r\n\t\t\t\t\t\t<\/div>\n\t\t\t\t<\/div>\n\t\t\t\t\t<\/div>\n\t\t\t\t<\/div>\n\t\t\t\t<\/div>\n\t\t","protected":false},"excerpt":{"rendered":"<p>PSS &#8211; Powszechna Sp\u00f3\u0142dzielnia Spo\u017cywc\u00f3w SPO\u0141EM Znaczy Razem Program \u201eSpo\u0142em znaczy razem\u201d to inicjatywa lojalno\u015bciowa skierowana do klient\u00f3w sklep\u00f3w Spo\u0142em w ca\u0142ej Polsce. Zapraszamy! SPO\u0141EM Znaczy Razem Celem programu \u201eSpo\u0142em znaczy razem\u201d jest budowanie trwa\u0142ych relacji z klientami poprzez oferowanie dodatkowych korzy\u015bci podczas codziennych zakup\u00f3w. Uczestnicy mog\u0105 korzysta\u0107 ze specjalnych promocji, rabat\u00f3w oraz ofert dedykowanych [&hellip;]<\/p>\n","protected":false},"author":1,"featured_media":0,"parent":0,"menu_order":0,"comment_status":"closed","ping_status":"closed","template":"","meta":{"_angie_page":false,"footnotes":""},"class_list":["post-422","page","type-page","status-publish","hentry"],"_links":{"self":[{"href":"https:\/\/demopss.pl\/index.php?rest_route=\/wp\/v2\/pages\/422","targetHints":{"allow":["GET"]}}],"collection":[{"href":"https:\/\/demopss.pl\/index.php?rest_route=\/wp\/v2\/pages"}],"about":[{"href":"https:\/\/demopss.pl\/index.php?rest_route=\/wp\/v2\/types\/page"}],"author":[{"embeddable":true,"href":"https:\/\/demopss.pl\/index.php?rest_route=\/wp\/v2\/users\/1"}],"replies":[{"embeddable":true,"href":"https:\/\/demopss.pl\/index.php?rest_route=%2Fwp%2Fv2%2Fcomments&post=422"}],"version-history":[{"count":7,"href":"https:\/\/demopss.pl\/index.php?rest_route=\/wp\/v2\/pages\/422\/revisions"}],"predecessor-version":[{"id":654,"href":"https:\/\/demopss.pl\/index.php?rest_route=\/wp\/v2\/pages\/422\/revisions\/654"}],"wp:attachment":[{"href":"https:\/\/demopss.pl\/index.php?rest_route=%2Fwp%2Fv2%2Fmedia&parent=422"}],"curies":[{"name":"wp","href":"https:\/\/api.w.org\/{rel}","templated":true}]}}